{"id":26354,"date":"2026-03-11T16:00:51","date_gmt":"2026-03-11T15:00:51","guid":{"rendered":"https:\/\/eko-projekt.empressia.dev\/?page_id=26354"},"modified":"2026-03-30T10:12:57","modified_gmt":"2026-03-30T08:12:57","slug":"zapytania-ofertowe","status":"publish","type":"page","link":"https:\/\/www.eko-projekt.com\/en\/zapytania-ofertowe\/","title":{"rendered":"Request for quotes"},"content":{"rendered":"<div data-elementor-type=\"wp-page\" data-elementor-id=\"26354\" class=\"elementor elementor-26354\">\n\t\t\t\t        <section class=\"elementor-section elementor-top-section elementor-element elementor-element-fc6144a elementor-section-stretched elementor-section-boxed elementor-section-height-default elementor-section-height-default pxl-row-scroll-none pxl-zoom-point-false pxl-section-overflow-visible pxl-section-fix-none pxl-bg-color-none pxl-section-overlay-none\" data-id=\"fc6144a\" data-element_type=\"section\" data-settings=\"{&quot;stretch_section&quot;:&quot;section-stretched&quot;}\">\n\n                \n                <div class=\"elementor-container elementor-column-gap-extended\">\n                <div class=\"elementor-column elementor-col-50 elementor-top-column elementor-element elementor-element-9992648 pxl-column-none pxl-column-overflow-hidden-no\" data-id=\"9992648\" data-element_type=\"column\">\r\n        <div class=\"elementor-widget-wrap elementor-element-populated\">\r\n                     \r\n        \t\t<div class=\"elementor-element elementor-element-49cf6fe elementor-widget elementor-widget-pxl_heading\" data-id=\"49cf6fe\" data-element_type=\"widget\" data-widget_type=\"pxl_heading.default\">\n\t\t\t\t<div class=\"elementor-widget-container\">\n\t\t\t\t\t\n<div id=\"pxl-pxl_heading-49cf6fe-4911\" class=\"pxl-heading  pxl-subtitle-box-3\" >\n\t<div class=\"pxl-heading--container\" >\n\t\t<div class=\"pxl-heading--inner\">\n\t\t\t\t\t\t\t<div class=\"pxl-item--subtitle wow fadeInUp\" data-wow-delay=\"ms\">\n\t\t\t\t\t<span class=\"pxl-item--subtext\">\n\t\t\t\t\t\tContact us\t\t\t\t\t<\/span>\n\t\t\t\t<\/div>\n\t\t\t\t\t\t\t\t\t<h1 class=\"pxl-item--title pxl-heading-default  wow fadeInUp translation-block\" data-wow-delay=\"ms\">Request for Quotation (RFQ)<\/h1>\n\t\t<\/div>\n\t\t\n\t<\/div>\n<\/div>\n\t\t\t\t<\/div>\n\t\t\t\t<\/div>\n\t\t\t\t<div class=\"elementor-element elementor-element-70e082d elementor-widget elementor-widget-pxl_text_editor\" data-id=\"70e082d\" data-element_type=\"widget\" data-widget_type=\"pxl_text_editor.default\">\n\t\t\t\t<div class=\"elementor-widget-container\">\n\t\t\t\t\t<div class=\"pxl-text-editor\">\n\t<div class=\"pxl-item--inner\" data-wow-delay=\"ms\">\n\t\tWe guarantee complete confidentiality of the data and information provided.\n<br><br>\n<p style=\"font-size: 12px\">The data controller of your personal data is EKO \u2013 PROJEKT Sp. z o.o. S. K. with its registered office in Pozna\u0144 (60-277), at Grochowska 19\/1. You can contact the Data Controller by email at biuro@eko-projekt.com\n. Your data will be used to respond to your inquiry. The basis for this processing is the principle that data processing is permissible for the purpose of concluding a contract, at the request of the person to whom the data pertains \u2013 if you are submitting a request for a quotation \u2013 or the legitimate interest of the Data Controller \u2013 if you are contacting us regarding a technical issue or asking about the functionality of our website. You have the right to access your data, correct your data, request erasure, restrict processing, transfer your data, and object to processing. Detailed information about the protection of your privacy can be found in our privacy policy.<\/p>\t\t\n\t<\/div>\n<\/div>\t\t\t\t<\/div>\n\t\t\t\t<\/div>\n\t\t            <\/div>\r\n        <\/div>\r\n                <div class=\"elementor-column elementor-col-50 elementor-top-column elementor-element elementor-element-aa0d652 pxl-column-none pxl-column-overflow-hidden-no\" data-id=\"aa0d652\" data-element_type=\"column\">\r\n        <div class=\"elementor-widget-wrap elementor-element-populated\">\r\n                     \r\n        <div class=\"elementor-element elementor-element-1783b71 e-grid e-con-full e-con e-parent\" data-id=\"1783b71\" data-element_type=\"container\">\t\t<div class=\"elementor-element elementor-element-d41b654 elementor-widget elementor-widget-pxl_text_editor\" data-id=\"d41b654\" data-element_type=\"widget\" data-widget_type=\"pxl_text_editor.default\">\n\t\t\t\t<div class=\"elementor-widget-container\">\n\t\t\t\t\t<div class=\"pxl-text-editor\">\n\t<div class=\"pxl-item--inner\" data-wow-delay=\"ms\">\n\t\t<p class=\"translation-block\">Request for Quotation (RFQ)<\/p><p><a class=\"email\" href=\"mailto:zapytania@eko-projekt.com\">zapytania@eko-projekt.com<\/a><\/p>\t\t\n\t<\/div>\n<\/div>\t\t\t\t<\/div>\n\t\t\t\t<\/div>\n\t\t\t\t<div class=\"elementor-element elementor-element-5be1439 elementor-hidden-mobile_extra elementor-hidden-mobile elementor-widget elementor-widget-pxl_text_editor\" data-id=\"5be1439\" data-element_type=\"widget\" data-widget_type=\"pxl_text_editor.default\">\n\t\t\t\t<div class=\"elementor-widget-container\">\n\t\t\t\t\t<div class=\"pxl-text-editor\">\n\t<div class=\"pxl-item--inner\" data-wow-delay=\"ms\">\n\t\t\t\t\n\t<\/div>\n<\/div>\t\t\t\t<\/div>\n\t\t\t\t<\/div>\n\t\t\t\t<div class=\"elementor-element elementor-element-69d3adb elementor-widget elementor-widget-pxl_text_editor\" data-id=\"69d3adb\" data-element_type=\"widget\" data-widget_type=\"pxl_text_editor.default\">\n\t\t\t\t<div class=\"elementor-widget-container\">\n\t\t\t\t\t<div class=\"pxl-text-editor\">\n\t<div class=\"pxl-item--inner\" data-wow-delay=\"ms\">\n\t\t<p>Decisions, Documentation<\/p><p><a class=\"tel\" href=\"tel:+ 48 600 914 508\">+ 48 600 914 508<\/a><\/p>\t\t\n\t<\/div>\n<\/div>\t\t\t\t<\/div>\n\t\t\t\t<\/div>\n\t\t\t\t<div class=\"elementor-element elementor-element-9518585 elementor-widget elementor-widget-pxl_text_editor\" data-id=\"9518585\" data-element_type=\"widget\" data-widget_type=\"pxl_text_editor.default\">\n\t\t\t\t<div class=\"elementor-widget-container\">\n\t\t\t\t\t<div class=\"pxl-text-editor\">\n\t<div class=\"pxl-item--inner\" data-wow-delay=\"ms\">\n\t\t<p>Constant service for companies<\/p><p><a class=\"tel\" href=\"tel:+ 48 601 842 619\">+ 48 601 842 619<\/a><\/p>\t\t\n\t<\/div>\n<\/div>\t\t\t\t<\/div>\n\t\t\t\t<\/div>\n\t\t\t\t<\/div>\r\n\t\t\t\t<div class=\"elementor-element elementor-element-61491df elementor-widget elementor-widget-pxl_heading\" data-id=\"61491df\" data-element_type=\"widget\" data-widget_type=\"pxl_heading.default\">\n\t\t\t\t<div class=\"elementor-widget-container\">\n\t\t\t\t\t\n<div id=\"pxl-pxl_heading-61491df-7698\" class=\"pxl-heading  pxl-subtitle-box-3\" >\n\t<div class=\"pxl-heading--container\" >\n\t\t<div class=\"pxl-heading--inner\">\n\t\t\t\t\t\t\t\t\t<h2 class=\"pxl-item--title pxl-heading-default  wow fadeInUp translation-block\" data-wow-delay=\"ms\">Quotation Form<\/h2>\n\t\t<\/div>\n\t\t\n\t<\/div>\n<\/div>\n\t\t\t\t<\/div>\n\t\t\t\t<\/div>\n\t\t\t\t<div class=\"elementor-element elementor-element-1f64a1b elementor-widget elementor-widget-pxl_contact_form\" data-id=\"1f64a1b\" data-element_type=\"widget\" data-settings=\"{&quot;_animation_mobile_extra&quot;:&quot;none&quot;}\" data-widget_type=\"pxl_contact_form.default\">\n\t\t\t\t<div class=\"elementor-widget-container\">\n\t\t\t\t\t    <div class=\"pxl-contact-form pxl-contact-form1\" data-wow-delay=\"ms\">\r\n        \n<div class=\"wpcf7 no-js\" id=\"wpcf7-f24558-o1\" lang=\"pl-PL\" dir=\"ltr\" data-wpcf7-id=\"24558\">\n<div class=\"screen-reader-response\"><p role=\"status\" aria-live=\"polite\" aria-atomic=\"true\"><\/p> <ul><\/ul><\/div>\n<form action=\"\/en\/wp-json\/wp\/v2\/pages\/26354#wpcf7-f24558-o1\" method=\"post\" class=\"wpcf7-form init\" aria-label=\"Formularz kontaktowy\" enctype=\"multipart\/form-data\" novalidate=\"novalidate\" data-status=\"init\" data-trp-original-action=\"\/en\/wp-json\/wp\/v2\/pages\/26354#wpcf7-f24558-o1\">\n<fieldset class=\"hidden-fields-container\"><input type=\"hidden\" name=\"_wpcf7\" value=\"24558\" \/><input type=\"hidden\" name=\"_wpcf7_version\" value=\"6.1.4\" \/><input type=\"hidden\" name=\"_wpcf7_locale\" value=\"pl_PL\" \/><input type=\"hidden\" name=\"_wpcf7_unit_tag\" value=\"wpcf7-f24558-o1\" \/><input type=\"hidden\" name=\"_wpcf7_container_post\" value=\"0\" \/><input type=\"hidden\" name=\"_wpcf7_posted_data_hash\" value=\"\" \/><input type=\"hidden\" name=\"_wpcf7_recaptcha_response\" value=\"\" \/>\n<\/fieldset>\n<div class=\"pxl-contact-us-form layout-1 row\">\n\t<div class=\"col-xl-6 col-lg-6 col-md-6 col-sm-6 col-12 pxl-field-wrap\" >\n\t\t<p><span class=\"wpcf7-form-control-wrap\" data-name=\"your-name\"><input size=\"40\" maxlength=\"400\" class=\"wpcf7-form-control wpcf7-text wpcf7-validates-as-required pxl-b3 pxl-green-2 pxl-name-field\" autocomplete=\"text\" aria-required=\"true\" aria-invalid=\"false\" placeholder=\"Full Name*\" value=\"\" type=\"text\" name=\"your-name\" \/><\/span>\n\t\t<\/p>\n\t<\/div>\n\t<div class=\"col-xl-6 col-lg-6 col-md-6 col-sm-6 col-12 pxl-field-wrap\" >\n\t\t<p><span class=\"wpcf7-form-control-wrap\" data-name=\"your-email\"><input size=\"40\" maxlength=\"400\" class=\"wpcf7-form-control wpcf7-email wpcf7-validates-as-required wpcf7-text wpcf7-validates-as-email pxl-b3 pxl-green-2 pxl-email-field\" autocomplete=\"email\" aria-required=\"true\" aria-invalid=\"false\" placeholder=\"E-mail\" value=\"\" type=\"email\" name=\"your-email\" \/><\/span>\n\t\t<\/p>\n\t<\/div>\n\t<div class=\"col-xl-12 col-lg-12 col-md-12 col-sm-12 col-12 pxl-field-wrap\" >\n\t\t<p><span class=\"wpcf7-form-control-wrap\" data-name=\"your-phone\"><input size=\"40\" maxlength=\"400\" class=\"wpcf7-form-control wpcf7-tel wpcf7-validates-as-required wpcf7-text wpcf7-validates-as-tel pxl-b3 pxl-green-2 pxl-email-field\" autocomplete=\"phone\" aria-required=\"true\" aria-invalid=\"false\" placeholder=\"Phone number*\" value=\"\" type=\"tel\" name=\"your-phone\" \/><\/span>\n\t\t<\/p>\n\t<\/div>\n\t<div class=\"col-xl-6 col-lg-6 col-md-6 col-sm-6 col-12 pxl-field-wrap field-cf7-file\" >\n\t\t<p><label>Attachment 1<\/label><span class=\"wpcf7-form-control-wrap\" data-name=\"file-811\"><input size=\"40\" class=\"wpcf7-form-control wpcf7-file\" accept=\".pdf,.doc,.docx,.odt,.txt\" aria-invalid=\"false\" type=\"file\" name=\"file-811\" \/><\/span>\n\t\t<\/p>\n\t<\/div>\n\t<div class=\"col-xl-6 col-lg-6 col-md-6 col-sm-6 col-12 pxl-field-wrap field-cf7-file\" >\n\t\t<p><label>Attachment 2<\/label><span class=\"wpcf7-form-control-wrap\" data-name=\"file-812\"><input size=\"40\" class=\"wpcf7-form-control wpcf7-file\" accept=\".pdf,.doc,.docx,.odt,.txt\" aria-invalid=\"false\" type=\"file\" name=\"file-812\" \/><\/span>\n\t\t<\/p>\n\t<\/div>\n\t<div class=\"col-12 pxl-field-wrap\" >\n\t\t<p><span class=\"wpcf7-form-control-wrap\" data-name=\"your-message\"><textarea cols=\"40\" rows=\"12\" maxlength=\"2000\" class=\"wpcf7-form-control wpcf7-textarea pxl-b3 pxl-green-2 pxl-message-field\" aria-invalid=\"false\" placeholder=\"Message\" name=\"your-message\"><\/textarea><\/span>\n\t\t<\/p>\n\t<\/div>\n\t<div class=\"col-12 pxl-btn-wrap\" >\n\t\t<p><button type=\"submit\" class=\"btn pxl-btn-default pxl-btn-large pxl-btn-bg pxl-btn-dark pxl-hover-default btn-submit\"><span class=\"pxl-btn--text\">Send<\/span><i class=\"pxl-icon--default flaticon flaticon-up-right-arrow\"><\/i><\/button>\n\t\t<\/p>\n\t<\/div>\n<\/div><div class=\"wpcf7-response-output\" aria-hidden=\"true\"><\/div>\n<input type=\"hidden\" name=\"trp-form-language\" value=\"en\"\/><\/form>\n<\/div>\n                    <div class=\"pxl-form-loader dark\">\r\n                <div class=\"bar1\"><\/div>\r\n                <div class=\"bar2\"><\/div>\r\n                <div class=\"bar3\"><\/div>\r\n                <div class=\"bar4\"><\/div>\r\n                <div class=\"bar5\"><\/div>\r\n                <div class=\"bar6\"><\/div>\r\n                <div class=\"bar7\"><\/div>\r\n                <div class=\"bar8\"><\/div>\r\n                <div class=\"bar9\"><\/div>\r\n                <div class=\"bar10\"><\/div>\r\n                <div class=\"bar11\"><\/div>\r\n                <div class=\"bar12\"><\/div>\r\n            <\/div>\r\n            <\/div>\r\n\t\t\t\t<\/div>\n\t\t\t\t<\/div>\n\t\t            <\/div>\r\n        <\/div>\r\n        \t\t\t<\/div>\n\t\t<\/section>\n\t\t\t\t<\/div>","protected":false},"excerpt":{"rendered":"<p>Skontaktuj si\u0119 Zapytania ofertowe Gwarantujemy pe\u0142n\u0105 poufno\u015b\u0107 przekazywanych danych i informacji. Administratorem Pa\u0144stwa danych osobowych jest EKO \u2013 PROJEKT Sp. z o.o. S. K. z siedzib\u0105 w Poznaniu (60-277), przy ul. Grochowskiej 19\/1. Z Administratorem mo\u017cna si\u0119 kontaktowa\u0107 poczt\u0105 elektroniczn\u0105, na adres biuro@eko-projekt.com. Pa\u0144stwa dane pos\u0142u\u017c\u0105 do udzielenia Pa\u0144stwu odpowiedzi na przes\u0142ane zapytanie. Podstaw\u0105 tego [&hellip;]<\/p>\n","protected":false},"author":1,"featured_media":0,"parent":0,"menu_order":0,"comment_status":"closed","ping_status":"closed","template":"","meta":{"footnotes":""},"class_list":["post-26354","page","type-page","status-publish","hentry"],"yoast_head":"<!-- This site is optimized with the Yoast SEO plugin v26.8 - https:\/\/yoast.com\/product\/yoast-seo-wordpress\/ -->\n<title>Zapytania ofertowe - Eko-projekt.com<\/title>\n<meta name=\"robots\" content=\"index, follow, max-snippet:-1, max-image-preview:large, max-video-preview:-1\" \/>\n<link rel=\"canonical\" href=\"https:\/\/www.eko-projekt.com\/en\/zapytania-ofertowe\/\" \/>\n<meta property=\"og:locale\" content=\"en_US\" \/>\n<meta property=\"og:type\" content=\"article\" \/>\n<meta property=\"og:title\" content=\"Zapytania ofertowe - Eko-projekt.com\" \/>\n<meta property=\"og:description\" content=\"Skontaktuj si\u0119 Zapytania ofertowe Gwarantujemy pe\u0142n\u0105 poufno\u015b\u0107 przekazywanych danych i informacji. Administratorem Pa\u0144stwa danych osobowych jest EKO \u2013 PROJEKT Sp. z o.o. S. K. z siedzib\u0105 w Poznaniu (60-277), przy ul. Grochowskiej 19\/1. Z Administratorem mo\u017cna si\u0119 kontaktowa\u0107 poczt\u0105 elektroniczn\u0105, na adres biuro@eko-projekt.com. Pa\u0144stwa dane pos\u0142u\u017c\u0105 do udzielenia Pa\u0144stwu odpowiedzi na przes\u0142ane zapytanie. Podstaw\u0105 tego [&hellip;]\" \/>\n<meta property=\"og:url\" content=\"https:\/\/www.eko-projekt.com\/en\/zapytania-ofertowe\/\" \/>\n<meta property=\"og:site_name\" content=\"Eko-projekt.com\" \/>\n<meta property=\"article:modified_time\" content=\"2026-03-30T08:12:57+00:00\" \/>\n<meta name=\"twitter:card\" content=\"summary_large_image\" \/>\n<meta name=\"twitter:label1\" content=\"Est. reading time\" \/>\n\t<meta name=\"twitter:data1\" content=\"1 minute\" \/>\n<script type=\"application\/ld+json\" class=\"yoast-schema-graph\">{\"@context\":\"https:\/\/schema.org\",\"@graph\":[{\"@type\":\"WebPage\",\"@id\":\"https:\/\/www.eko-projekt.com\/zapytania-ofertowe\/\",\"url\":\"https:\/\/www.eko-projekt.com\/zapytania-ofertowe\/\",\"name\":\"Zapytania ofertowe - Eko-projekt.com\",\"isPartOf\":{\"@id\":\"https:\/\/www.eko-projekt.com\/#website\"},\"datePublished\":\"2026-03-11T15:00:51+00:00\",\"dateModified\":\"2026-03-30T08:12:57+00:00\",\"breadcrumb\":{\"@id\":\"https:\/\/www.eko-projekt.com\/zapytania-ofertowe\/#breadcrumb\"},\"inLanguage\":\"en-US\",\"potentialAction\":[{\"@type\":\"ReadAction\",\"target\":[\"https:\/\/www.eko-projekt.com\/zapytania-ofertowe\/\"]}]},{\"@type\":\"BreadcrumbList\",\"@id\":\"https:\/\/www.eko-projekt.com\/zapytania-ofertowe\/#breadcrumb\",\"itemListElement\":[{\"@type\":\"ListItem\",\"position\":1,\"name\":\"Home\",\"item\":\"https:\/\/www.eko-projekt.com\/\"},{\"@type\":\"ListItem\",\"position\":2,\"name\":\"Zapytania ofertowe\"}]},{\"@type\":\"WebSite\",\"@id\":\"https:\/\/www.eko-projekt.com\/#website\",\"url\":\"https:\/\/www.eko-projekt.com\/\",\"name\":\"Eko-projekt.com\",\"description\":\"\",\"potentialAction\":[{\"@type\":\"SearchAction\",\"target\":{\"@type\":\"EntryPoint\",\"urlTemplate\":\"https:\/\/www.eko-projekt.com\/?s={search_term_string}\"},\"query-input\":{\"@type\":\"PropertyValueSpecification\",\"valueRequired\":true,\"valueName\":\"search_term_string\"}}],\"inLanguage\":\"en-US\"}]}<\/script>\n<!-- \/ Yoast SEO plugin. -->","yoast_head_json":{"title":"Zapytania ofertowe - Eko-projekt.com","robots":{"index":"index","follow":"follow","max-snippet":"max-snippet:-1","max-image-preview":"max-image-preview:large","max-video-preview":"max-video-preview:-1"},"canonical":"https:\/\/www.eko-projekt.com\/en\/zapytania-ofertowe\/","og_locale":"en_US","og_type":"article","og_title":"Zapytania ofertowe - Eko-projekt.com","og_description":"Skontaktuj si\u0119 Zapytania ofertowe Gwarantujemy pe\u0142n\u0105 poufno\u015b\u0107 przekazywanych danych i informacji. Administratorem Pa\u0144stwa danych osobowych jest EKO \u2013 PROJEKT Sp. z o.o. S. K. z siedzib\u0105 w Poznaniu (60-277), przy ul. Grochowskiej 19\/1. Z Administratorem mo\u017cna si\u0119 kontaktowa\u0107 poczt\u0105 elektroniczn\u0105, na adres biuro@eko-projekt.com. Pa\u0144stwa dane pos\u0142u\u017c\u0105 do udzielenia Pa\u0144stwu odpowiedzi na przes\u0142ane zapytanie. Podstaw\u0105 tego [&hellip;]","og_url":"https:\/\/www.eko-projekt.com\/en\/zapytania-ofertowe\/","og_site_name":"Eko-projekt.com","article_modified_time":"2026-03-30T08:12:57+00:00","twitter_card":"summary_large_image","twitter_misc":{"Est. reading time":"1 minute"},"schema":{"@context":"https:\/\/schema.org","@graph":[{"@type":"WebPage","@id":"https:\/\/www.eko-projekt.com\/zapytania-ofertowe\/","url":"https:\/\/www.eko-projekt.com\/zapytania-ofertowe\/","name":"Zapytania ofertowe - Eko-projekt.com","isPartOf":{"@id":"https:\/\/www.eko-projekt.com\/#website"},"datePublished":"2026-03-11T15:00:51+00:00","dateModified":"2026-03-30T08:12:57+00:00","breadcrumb":{"@id":"https:\/\/www.eko-projekt.com\/zapytania-ofertowe\/#breadcrumb"},"inLanguage":"en-US","potentialAction":[{"@type":"ReadAction","target":["https:\/\/www.eko-projekt.com\/zapytania-ofertowe\/"]}]},{"@type":"BreadcrumbList","@id":"https:\/\/www.eko-projekt.com\/zapytania-ofertowe\/#breadcrumb","itemListElement":[{"@type":"ListItem","position":1,"name":"Home","item":"https:\/\/www.eko-projekt.com\/"},{"@type":"ListItem","position":2,"name":"Zapytania ofertowe"}]},{"@type":"WebSite","@id":"https:\/\/www.eko-projekt.com\/#website","url":"https:\/\/www.eko-projekt.com\/","name":"Eko-projekt.com","description":"","potentialAction":[{"@type":"SearchAction","target":{"@type":"EntryPoint","urlTemplate":"https:\/\/www.eko-projekt.com\/?s={search_term_string}"},"query-input":{"@type":"PropertyValueSpecification","valueRequired":true,"valueName":"search_term_string"}}],"inLanguage":"en-US"}]}},"_links":{"self":[{"href":"https:\/\/www.eko-projekt.com\/en\/wp-json\/wp\/v2\/pages\/26354","targetHints":{"allow":["GET"]}}],"collection":[{"href":"https:\/\/www.eko-projekt.com\/en\/wp-json\/wp\/v2\/pages"}],"about":[{"href":"https:\/\/www.eko-projekt.com\/en\/wp-json\/wp\/v2\/types\/page"}],"author":[{"embeddable":true,"href":"https:\/\/www.eko-projekt.com\/en\/wp-json\/wp\/v2\/users\/1"}],"replies":[{"embeddable":true,"href":"https:\/\/www.eko-projekt.com\/en\/wp-json\/wp\/v2\/comments?post=26354"}],"version-history":[{"count":22,"href":"https:\/\/www.eko-projekt.com\/en\/wp-json\/wp\/v2\/pages\/26354\/revisions"}],"predecessor-version":[{"id":26822,"href":"https:\/\/www.eko-projekt.com\/en\/wp-json\/wp\/v2\/pages\/26354\/revisions\/26822"}],"wp:attachment":[{"href":"https:\/\/www.eko-projekt.com\/en\/wp-json\/wp\/v2\/media?parent=26354"}],"curies":[{"name":"wp","href":"https:\/\/api.w.org\/{rel}","templated":true}]}}