{"id":26010,"date":"2026-02-16T08:48:15","date_gmt":"2026-02-16T07:48:15","guid":{"rendered":"https:\/\/eko-projekt.empressia.dev\/?page_id=26010"},"modified":"2026-03-30T10:02:03","modified_gmt":"2026-03-30T08:02:03","slug":"przetwarzanie-danych-osobowych-kandydatow-do-pracy","status":"publish","type":"page","link":"https:\/\/www.eko-projekt.com\/en\/przetwarzanie-danych-osobowych-kandydatow-do-pracy\/","title":{"rendered":"Processing of personal data of job candidates."},"content":{"rendered":"<div data-elementor-type=\"wp-page\" data-elementor-id=\"26010\" class=\"elementor elementor-26010\">\n\t\t\t\t        <section class=\"elementor-section elementor-top-section elementor-element elementor-element-8a2e44b elementor-section-stretched pxl-row-scroll-fixed elementor-section-boxed elementor-section-height-default elementor-section-height-default pxl-zoom-point-false pxl-section-overflow-visible pxl-section-fix-none pxl-bg-color-none pxl-section-overlay-none\" data-id=\"8a2e44b\" data-element_type=\"section\" data-settings=\"{&quot;stretch_section&quot;:&quot;section-stretched&quot;}\">\n\n                \n                <div class=\"elementor-container elementor-column-gap-extended\">\n                <div class=\"elementor-column elementor-col-50 elementor-top-column elementor-element elementor-element-5f95324 pxl-column-none pxl-column-overflow-hidden-no\" data-id=\"5f95324\" data-element_type=\"column\">\r\n        <div class=\"elementor-widget-wrap elementor-element-populated\">\r\n                     \r\n        \t\t<div class=\"elementor-element elementor-element-f578eff elementor-widget elementor-widget-heading\" data-id=\"f578eff\" data-element_type=\"widget\" data-widget_type=\"heading.default\">\n\t\t\t\t<div class=\"elementor-widget-container\">\n\t\t\t\t\t<h1 class=\"elementor-heading-title elementor-size-default\">Processing of personal data of job candidates.<\/h1>\t\t\t\t<\/div>\n\t\t\t\t<\/div>\n\t\t\t\t<div class=\"elementor-element elementor-element-3a0281c elementor-widget elementor-widget-pxl_text_editor\" data-id=\"3a0281c\" data-element_type=\"widget\" data-widget_type=\"pxl_text_editor.default\">\n\t\t\t\t<div class=\"elementor-widget-container\">\n\t\t\t\t\t<div class=\"pxl-text-editor\">\n\t<div class=\"pxl-item--inner pxl-p2\" data-wow-delay=\"ms\">\n\t\t<p class=\"p1\">W zwi\u0105zku z obowi\u0105zkiem informacyjnym wynikaj\u0105cym z Rozporz\u0105dzenia Parlamentu Europejskiego i Rady (UE) 2016\/679 z dnia 27 kwietnia 2016 r. w sprawie ochrony os\u00f3b fizycznych w zwi\u0105zku z przetwarzaniem danych osobowych i w sprawie swobodnego przep\u0142ywu takich danych oraz uchylenia dyrektywy 95\/46\/WE (RODO) informujemy, \u017ce:<\/p><ol class=\"ol1\"><li class=\"li3\">Administratorem danych osobowych jest EKO \u2013 PROJEKT Sp. z o.o. S. K. z siedzib\u0105 w Poznaniu (60-277), przy ul. Grochowskiej 19\/1.<\/li><li class=\"li3\">Z administratorem mo\u017cna si\u0119 skontaktowa\u0107 poprzez adres poczty elektronicznej\u00a0<span id=\"cloak6fb2ae56af0b82ebd1492d6d81568346\"><a href=\"mailto:m.benedykcinski@eko-projekt.com\"><span class=\"s2\">m.benedykcinski@eko-projekt.com<\/span><\/a><\/span>, lub pisemnie na adres siedziby administratora.<\/li><li class=\"li3\"><span class=\"s3\"><b>Informujemy, \u017ce informacji o bie\u017c\u0105cych rekrutacjach do naszej firmy nale\u017cy szuka\u0107 na portalu pracuj.pl.<\/b><\/span><\/li><li class=\"li3\"><span class=\"s3\"><b>Niniejszy formularz stworzono z my\u015bl\u0105 o osobach, kt\u00f3re planuj\u0105 przekaza\u0107 nam swoje CV dla potrzeb przysz\u0142ych rekrutacji.<\/b><\/span><\/li><li class=\"li3\"><span class=\"s3\">Pa\u0144stwa dane osobowe b\u0119d\u0105 przez nas przechowywane do momentu zaistnienia mo\u017cliwo\u015bci uwzgl\u0119dnienia Pa\u0144stwa kandydatury w prowadzonym przez nas naborze. W przypadku braku takiej mo\u017cliwo\u015bci przez okres 24 miesi\u0119cy, Pa\u0144stwa dane zostan\u0105 usuni\u0119te.<\/span><\/li><li class=\"li3\"><span class=\"s3\">Z uwagi na to, \u017ce przez czas tego przechowywania, Pa\u0144stwa dane mog\u0105 utraci\u0107 aktualno\u015b\u0107,\u00a0<b>przypominamy o przys\u0142uguj\u0105cym Pa\u0144stwu prawie do sprostowania dotycz\u0105cych Was danych<\/b>.<\/span><\/li><li class=\"li3\"><span class=\"s3\">W toku w\u0142a\u015bciwego procesu rekrutacyjnego, Pa\u0144stwa dane b\u0119d\u0105 przetwarzane w celach rekrutacji z uwzgl\u0119dnieniem selekcji kandydat\u00f3w.<\/span><\/li><li class=\"li3\"><span class=\"s3\">Okoliczno\u015bci\u0105, kt\u00f3ra uprawnia nas do przechowywania Pa\u0144stwa danych jest Pa\u0144stwa dobrowolna zgoda, kt\u00f3r\u0105 wyra\u017cacie wysy\u0142aj\u0105c do nas CV (art. 6 ust. 1 lit. a RODO).<\/span><\/li><li class=\"li3\"><span class=\"s3\">Okoliczno\u015bci\u0105, kt\u00f3ra uzasadnia stosowanie informacji na Pa\u0144stwa temat do przeprowadzenia procesu rekrutacyjnego, jest konieczno\u015b\u0107 podj\u0119cia tych dzia\u0142a\u0144 w celu wywi\u0105zania si\u0119 z obowi\u0105zku prawnego, kt\u00f3ry na nas ci\u0105\u017cy (art. 6 ust. 1 lit. c RODO). Obowi\u0105zek ten nak\u0142ada na nas Kodeks Pracy, w art. 22\u00b9 \u00a7 1. Wymagane przez prawo jest stosowanie nast\u0119puj\u0105cych danych:<\/span><ol class=\"ol2 sublist\"><li class=\"li3\"><span class=\"s3\">imi\u0119 (imiona) i nazwisko;<\/span><\/li><li class=\"li3\"><span class=\"s3\">data urodzenia;<\/span><\/li><li class=\"li3\"><span class=\"s3\">dane kontaktowe wskazane przez Pa\u0144stwa w CV;<\/span><\/li><li class=\"li3\"><span class=\"s3\">wykszta\u0142cenie;<\/span><\/li><li class=\"li3\"><span class=\"s3\">kwalifikacje zawodowe;<\/span><\/li><li class=\"li3\"><span class=\"s3\">przebieg dotychczasowego zatrudnienia.<\/span><\/li><\/ol><\/li><li class=\"li3\"><span class=\"s3\">Je\u017celi Pa\u0144stwa CV zawiera dodatkowe dane, podstaw\u0105 ich stosowania jest Pa\u0144stwa dobrowolna zgoda (art. 6 ust. 1 lit. a RODO).<\/span><\/li><li class=\"li3\"><span class=\"s3\"><b>Zgod\u0119 t\u0105 wyra\u017cacie Pa\u0144stwo poprzez podj\u0119cie dzia\u0142ania polegaj\u0105cego na przes\u0142aniu do nas CV zawieraj\u0105cego te dodatkowe informacje.<\/b><\/span><\/li><li class=\"li3\"><span class=\"s3\">Zgody te mo\u017cna wycofa\u0107 w dowolnym momencie pisz\u0105c e-mail na adres\u00a0<span id=\"cloakf864f04fa8d18902257e2ff9c91507c1\"><a href=\"mailto:m.benedykcinski@eko-projekt.com\"><span class=\"s2\">m.benedykcinski@eko-projekt.com<\/span><\/a><\/span>\u00a0<\/span><span class=\"s4\">.<\/span><\/li><li class=\"li3\"><span class=\"s3\">W celu zapewnienia, \u017ce szybko usuniemy dodatkowe dane zawarte w Pa\u0144stwa CV, w przypadku wycofania Pa\u0144stwa zgody, bardzo prosimy o takie skomponowanie CV, aby te dane by\u0142y oddzielone od danych wymaganych.<\/span><\/li><li class=\"li3\"><span class=\"s3\"><b>Prosimy nie umieszcza\u0107 w CV informacji o niepe\u0142nosprawno\u015bci! Je\u017celi wyra\u017cacie Pa\u0144stwo ch\u0119\u0107 podzielenia si\u0119 z nami tymi informacjami, w toku procesu rekrutacji, prosimy o ich przekazanie w czasie rozmowy kwalifikacyjnej.<\/b><\/span><\/li><li class=\"li3\"><span class=\"s3\">Ka\u017cdemu kandydatowi przys\u0142uguje prawo do dost\u0119pu do danych osobowych, ich sprostowania, prawo do wezwania Administratora do usuni\u0119cia danych kandydata (co jest r\u00f3wnoznaczne z rezygnacj\u0105 z dalszego udzia\u0142u w rekrutacji), prawo do wezwania Administratora do ograniczenia przetwarzania mi\u0119dzy innymi przez okres potrzebny na aktualizacj\u0119 danych, prawo do wezwania Administratora do przes\u0142ania Pa\u0144stwa danych do innego podmiotu, oraz prawo do wniesienia skargi do organu nadzorczego.<\/span><\/li><li class=\"li3\"><span class=\"s3\">Ponadto ka\u017cdemu kandydatowi przys\u0142uguje prawo do sprzeciwu wobec dalszego przetwarzania.<\/span><\/li><li class=\"li3\"><span class=\"s3\">Dane osobowe wszystkich kandydat\u00f3w, zawarte w ich CV oraz zebrane w toku rozm\u00f3w kwalifikacyjnych b\u0119d\u0105 przechowywane do momentu:<\/span><ol class=\"ol2 sublist\"><li class=\"li3\"><span class=\"s3\">zaistnienia technicznej mo\u017cliwo\u015bci uwzgl\u0119dnienia kandydata w prowadzonej rekrutacji, ale nigdy nie d\u0142u\u017cej ni\u017c 24 miesi\u0105ce; a nast\u0119pnie<\/span><\/li><li class=\"li3\"><span class=\"s3\">przez okres weryfikacji kandydat\u00f3w, w faktycznym procesie rekrutacyjnym, nie d\u0142u\u017cej ni\u017c przez 3 miesi\u0105ce.<\/span><\/li><\/ol><\/li><li class=\"li3\"><span class=\"s3\">Po tym czasie b\u0119d\u0105 zniszczone komisyjnie, w spos\u00f3b trwa\u0142y i nieodwracalny.<\/span><\/li><li class=\"li3\"><span class=\"s3\">Przy realizacji procesu rekrutacji, Administrator wspiera si\u0119 pomoc\u0105 firm zewn\u0119trznych \u015bwiadcz\u0105cych us\u0142ugi (nale\u017c\u0105cych do kategorii odbiorc\u00f3w):<\/span><ol class=\"ol2 sublist\"><li class=\"li3\"><span class=\"s3\">us\u0142ugi poczty elektronicznej;<\/span><\/li><li class=\"li3\"><span class=\"s3\">us\u0142ugi hostingu danych;<\/span><\/li><li class=\"li3\"><span class=\"s3\">us\u0142ugi administracji infrastruktur\u0105 IT;<\/span><\/li><li class=\"li3\"><span class=\"s3\">podmiotu \u015bwiadcz\u0105cego us\u0142ug\u0119 administracji i hostingu strony internetowej.<\/span><\/li><\/ol><\/li><li class=\"li3\"><span class=\"s3\">W przypadku zawarcia wsp\u00f3\u0142pracy, dane zatrudnionego kandydata b\u0119dzie r\u00f3wnie\u017c procesowa\u0142 podmiot dostawca oprogramowania kadrowo p\u0142acowego.<\/span><\/li><li class=\"li3\"><span class=\"s3\">Dane osobowe nie s\u0105 przetwarzane w spos\u00f3b zautomatyzowany w celu podj\u0119cia jakichkolwiek decyzji.<\/span><\/li><li class=\"li3\"><span class=\"s3\">Podanie przez Pa\u0144stwa danych podstawowych (wymienionych powy\u017cej, w ust\u0119pie 4) jest wymagane. Konsekwencj\u0105 niepodania danych osobowych b\u0119dzie niemo\u017cliwo\u015b\u0107 uwzgl\u0119dnienia Pa\u0144stwa kandydatury w procesie rekrutacji.<\/span><\/li><li class=\"li3\"><span class=\"s3\">Podanie dodatkowych danych jest dobrowolne i s\u0142u\u017cy u\u0142atwieniu nam przeprowadzenia selekcji.<\/span><\/li><\/ol>\t\t\n\t<\/div>\n<\/div>\t\t\t\t<\/div>\n\t\t\t\t<\/div>\n\t\t            <\/div>\r\n        <\/div>\r\n                <div class=\"elementor-column elementor-col-50 elementor-top-column elementor-element elementor-element-1f0e262 pxl-column-sticky pxl-column-overflow-hidden-no\" data-id=\"1f0e262\" data-element_type=\"column\">\r\n        <div class=\"elementor-widget-wrap\">\r\n                     \r\n                    <\/div>\r\n        <\/div>\r\n        \t\t\t<\/div>\n\t\t<\/section>\n\t\t\t\t<\/div>","protected":false},"excerpt":{"rendered":"<p>Przetwarzanie danych osobowych kandydat\u00f3w do pracy W zwi\u0105zku z obowi\u0105zkiem informacyjnym wynikaj\u0105cym z Rozporz\u0105dzenia Parlamentu Europejskiego i Rady (UE) 2016\/679 z dnia 27 kwietnia 2016 r. w sprawie ochrony os\u00f3b fizycznych w zwi\u0105zku z przetwarzaniem danych osobowych i w sprawie swobodnego przep\u0142ywu takich danych oraz uchylenia dyrektywy 95\/46\/WE (RODO) informujemy, \u017ce: Administratorem danych osobowych jest [&hellip;]<\/p>\n","protected":false},"author":1,"featured_media":25271,"parent":0,"menu_order":0,"comment_status":"closed","ping_status":"closed","template":"elementor_theme","meta":{"footnotes":""},"class_list":["post-26010","page","type-page","status-publish","has-post-thumbnail","hentry"],"yoast_head":"<!-- This site is optimized with the Yoast SEO plugin v26.8 - https:\/\/yoast.com\/product\/yoast-seo-wordpress\/ -->\n<title>Przetwarzanie danych osobowych kandydat\u00f3w do pracy<\/title>\n<meta name=\"description\" content=\"Profesjonalne doradztwo w zakresie ochrony \u015brodowiska\" \/>\n<meta name=\"robots\" content=\"index, follow, max-snippet:-1, max-image-preview:large, max-video-preview:-1\" \/>\n<link rel=\"canonical\" href=\"https:\/\/www.eko-projekt.com\/en\/przetwarzanie-danych-osobowych-kandydatow-do-pracy\/\" \/>\n<meta property=\"og:locale\" content=\"en_US\" \/>\n<meta property=\"og:type\" content=\"article\" \/>\n<meta property=\"og:title\" content=\"Przetwarzanie danych osobowych kandydat\u00f3w do pracy\" \/>\n<meta property=\"og:description\" content=\"Profesjonalne doradztwo w zakresie ochrony \u015brodowiska\" \/>\n<meta property=\"og:url\" content=\"https:\/\/www.eko-projekt.com\/en\/przetwarzanie-danych-osobowych-kandydatow-do-pracy\/\" \/>\n<meta property=\"og:site_name\" content=\"Eko-projekt.com\" \/>\n<meta property=\"article:modified_time\" content=\"2026-03-30T08:02:03+00:00\" \/>\n<meta name=\"twitter:card\" content=\"summary_large_image\" \/>\n<meta name=\"twitter:label1\" content=\"Est. reading time\" \/>\n\t<meta name=\"twitter:data1\" content=\"4 minutes\" \/>\n<script type=\"application\/ld+json\" class=\"yoast-schema-graph\">{\"@context\":\"https:\/\/schema.org\",\"@graph\":[{\"@type\":\"WebPage\",\"@id\":\"https:\/\/www.eko-projekt.com\/przetwarzanie-danych-osobowych-kandydatow-do-pracy\/\",\"url\":\"https:\/\/www.eko-projekt.com\/przetwarzanie-danych-osobowych-kandydatow-do-pracy\/\",\"name\":\"Przetwarzanie danych osobowych kandydat\u00f3w do pracy\",\"isPartOf\":{\"@id\":\"https:\/\/www.eko-projekt.com\/#website\"},\"primaryImageOfPage\":{\"@id\":\"https:\/\/www.eko-projekt.com\/przetwarzanie-danych-osobowych-kandydatow-do-pracy\/#primaryimage\"},\"image\":{\"@id\":\"https:\/\/www.eko-projekt.com\/przetwarzanie-danych-osobowych-kandydatow-do-pracy\/#primaryimage\"},\"thumbnailUrl\":\"https:\/\/www.eko-projekt.com\/wp-content\/uploads\/2026\/02\/eko-projekt-oferta-lokalna.avif\",\"datePublished\":\"2026-02-16T07:48:15+00:00\",\"dateModified\":\"2026-03-30T08:02:03+00:00\",\"description\":\"Profesjonalne doradztwo w zakresie ochrony \u015brodowiska\",\"breadcrumb\":{\"@id\":\"https:\/\/www.eko-projekt.com\/przetwarzanie-danych-osobowych-kandydatow-do-pracy\/#breadcrumb\"},\"inLanguage\":\"en-US\",\"potentialAction\":[{\"@type\":\"ReadAction\",\"target\":[\"https:\/\/www.eko-projekt.com\/przetwarzanie-danych-osobowych-kandydatow-do-pracy\/\"]}]},{\"@type\":\"ImageObject\",\"inLanguage\":\"en-US\",\"@id\":\"https:\/\/www.eko-projekt.com\/przetwarzanie-danych-osobowych-kandydatow-do-pracy\/#primaryimage\",\"url\":\"https:\/\/www.eko-projekt.com\/wp-content\/uploads\/2026\/02\/eko-projekt-oferta-lokalna.avif\",\"contentUrl\":\"https:\/\/www.eko-projekt.com\/wp-content\/uploads\/2026\/02\/eko-projekt-oferta-lokalna.avif\",\"width\":1536,\"height\":1024},{\"@type\":\"BreadcrumbList\",\"@id\":\"https:\/\/www.eko-projekt.com\/przetwarzanie-danych-osobowych-kandydatow-do-pracy\/#breadcrumb\",\"itemListElement\":[{\"@type\":\"ListItem\",\"position\":1,\"name\":\"Home\",\"item\":\"https:\/\/www.eko-projekt.com\/\"},{\"@type\":\"ListItem\",\"position\":2,\"name\":\"Przetwarzanie danych osobowych kandydat\u00f3w do pracy\"}]},{\"@type\":\"WebSite\",\"@id\":\"https:\/\/www.eko-projekt.com\/#website\",\"url\":\"https:\/\/www.eko-projekt.com\/\",\"name\":\"Eko-projekt.com\",\"description\":\"\",\"potentialAction\":[{\"@type\":\"SearchAction\",\"target\":{\"@type\":\"EntryPoint\",\"urlTemplate\":\"https:\/\/www.eko-projekt.com\/?s={search_term_string}\"},\"query-input\":{\"@type\":\"PropertyValueSpecification\",\"valueRequired\":true,\"valueName\":\"search_term_string\"}}],\"inLanguage\":\"en-US\"}]}<\/script>\n<!-- \/ Yoast SEO plugin. -->","yoast_head_json":{"title":"Processing of personal data of job candidates.","description":"Profesjonalne doradztwo w zakresie ochrony \u015brodowiska","robots":{"index":"index","follow":"follow","max-snippet":"max-snippet:-1","max-image-preview":"max-image-preview:large","max-video-preview":"max-video-preview:-1"},"canonical":"https:\/\/www.eko-projekt.com\/en\/przetwarzanie-danych-osobowych-kandydatow-do-pracy\/","og_locale":"en_US","og_type":"article","og_title":"Przetwarzanie danych osobowych kandydat\u00f3w do pracy","og_description":"Profesjonalne doradztwo w zakresie ochrony \u015brodowiska","og_url":"https:\/\/www.eko-projekt.com\/en\/przetwarzanie-danych-osobowych-kandydatow-do-pracy\/","og_site_name":"Eko-projekt.com","article_modified_time":"2026-03-30T08:02:03+00:00","twitter_card":"summary_large_image","twitter_misc":{"Est. reading time":"4 minutes"},"schema":{"@context":"https:\/\/schema.org","@graph":[{"@type":"WebPage","@id":"https:\/\/www.eko-projekt.com\/przetwarzanie-danych-osobowych-kandydatow-do-pracy\/","url":"https:\/\/www.eko-projekt.com\/przetwarzanie-danych-osobowych-kandydatow-do-pracy\/","name":"Processing of personal data of job candidates.","isPartOf":{"@id":"https:\/\/www.eko-projekt.com\/#website"},"primaryImageOfPage":{"@id":"https:\/\/www.eko-projekt.com\/przetwarzanie-danych-osobowych-kandydatow-do-pracy\/#primaryimage"},"image":{"@id":"https:\/\/www.eko-projekt.com\/przetwarzanie-danych-osobowych-kandydatow-do-pracy\/#primaryimage"},"thumbnailUrl":"https:\/\/www.eko-projekt.com\/wp-content\/uploads\/2026\/02\/eko-projekt-oferta-lokalna.avif","datePublished":"2026-02-16T07:48:15+00:00","dateModified":"2026-03-30T08:02:03+00:00","description":"Profesjonalne doradztwo w zakresie ochrony \u015brodowiska","breadcrumb":{"@id":"https:\/\/www.eko-projekt.com\/przetwarzanie-danych-osobowych-kandydatow-do-pracy\/#breadcrumb"},"inLanguage":"en-US","potentialAction":[{"@type":"ReadAction","target":["https:\/\/www.eko-projekt.com\/przetwarzanie-danych-osobowych-kandydatow-do-pracy\/"]}]},{"@type":"ImageObject","inLanguage":"en-US","@id":"https:\/\/www.eko-projekt.com\/przetwarzanie-danych-osobowych-kandydatow-do-pracy\/#primaryimage","url":"https:\/\/www.eko-projekt.com\/wp-content\/uploads\/2026\/02\/eko-projekt-oferta-lokalna.avif","contentUrl":"https:\/\/www.eko-projekt.com\/wp-content\/uploads\/2026\/02\/eko-projekt-oferta-lokalna.avif","width":1536,"height":1024},{"@type":"BreadcrumbList","@id":"https:\/\/www.eko-projekt.com\/przetwarzanie-danych-osobowych-kandydatow-do-pracy\/#breadcrumb","itemListElement":[{"@type":"ListItem","position":1,"name":"Home","item":"https:\/\/www.eko-projekt.com\/"},{"@type":"ListItem","position":2,"name":"Przetwarzanie danych osobowych kandydat\u00f3w do pracy"}]},{"@type":"WebSite","@id":"https:\/\/www.eko-projekt.com\/#website","url":"https:\/\/www.eko-projekt.com\/","name":"Eko-projekt.com","description":"","potentialAction":[{"@type":"SearchAction","target":{"@type":"EntryPoint","urlTemplate":"https:\/\/www.eko-projekt.com\/?s={search_term_string}"},"query-input":{"@type":"PropertyValueSpecification","valueRequired":true,"valueName":"search_term_string"}}],"inLanguage":"en-US"}]}},"_links":{"self":[{"href":"https:\/\/www.eko-projekt.com\/en\/wp-json\/wp\/v2\/pages\/26010","targetHints":{"allow":["GET"]}}],"collection":[{"href":"https:\/\/www.eko-projekt.com\/en\/wp-json\/wp\/v2\/pages"}],"about":[{"href":"https:\/\/www.eko-projekt.com\/en\/wp-json\/wp\/v2\/types\/page"}],"author":[{"embeddable":true,"href":"https:\/\/www.eko-projekt.com\/en\/wp-json\/wp\/v2\/users\/1"}],"replies":[{"embeddable":true,"href":"https:\/\/www.eko-projekt.com\/en\/wp-json\/wp\/v2\/comments?post=26010"}],"version-history":[{"count":7,"href":"https:\/\/www.eko-projekt.com\/en\/wp-json\/wp\/v2\/pages\/26010\/revisions"}],"predecessor-version":[{"id":26810,"href":"https:\/\/www.eko-projekt.com\/en\/wp-json\/wp\/v2\/pages\/26010\/revisions\/26810"}],"wp:featuredmedia":[{"embeddable":true,"href":"https:\/\/www.eko-projekt.com\/en\/wp-json\/wp\/v2\/media\/25271"}],"wp:attachment":[{"href":"https:\/\/www.eko-projekt.com\/en\/wp-json\/wp\/v2\/media?parent=26010"}],"curies":[{"name":"wp","href":"https:\/\/api.w.org\/{rel}","templated":true}]}}