{"id":24492,"date":"2026-01-30T10:17:58","date_gmt":"2026-01-30T09:17:58","guid":{"rendered":"http:\/\/eko-projekt.loc\/?page_id=24492"},"modified":"2026-02-18T15:30:54","modified_gmt":"2026-02-18T14:30:54","slug":"internship-program","status":"publish","type":"page","link":"https:\/\/www.eko-projekt.com\/en\/program-stazowy\/","title":{"rendered":"Internship program"},"content":{"rendered":"<div data-elementor-type=\"wp-page\" data-elementor-id=\"24492\" class=\"elementor elementor-24492\">\n\t\t\t\t        <section class=\"elementor-section elementor-top-section elementor-element elementor-element-fc6144a elementor-section-stretched elementor-section-boxed elementor-section-height-default elementor-section-height-default pxl-row-scroll-none pxl-zoom-point-false pxl-section-overflow-visible pxl-section-fix-none pxl-bg-color-none pxl-section-overlay-none\" data-id=\"fc6144a\" data-element_type=\"section\" data-settings=\"{&quot;stretch_section&quot;:&quot;section-stretched&quot;}\">\n\n                \n                <div class=\"elementor-container elementor-column-gap-extended\">\n                <div class=\"elementor-column elementor-col-100 elementor-top-column elementor-element elementor-element-dbb8cf0 pxl-column-none pxl-column-overflow-hidden-no\" data-id=\"dbb8cf0\" data-element_type=\"column\">\r\n        <div class=\"elementor-widget-wrap elementor-element-populated\">\r\n                     \r\n        \t\t<div class=\"elementor-element elementor-element-6e77700 elementor-widget elementor-widget-pxl_heading\" data-id=\"6e77700\" data-element_type=\"widget\" data-widget_type=\"pxl_heading.default\">\n\t\t\t\t<div class=\"elementor-widget-container\">\n\t\t\t\t\t\n<div id=\"pxl-pxl_heading-6e77700-9558\" class=\"pxl-heading\" >\n\t<div class=\"pxl-heading--container\" >\n\t\t<div class=\"pxl-heading--inner\">\n\t\t\t\t\t\t\t\t\t<h1 class=\"pxl-item--title pxl-heading-post-title\" data-wow-delay=\"ms\">\n\t\t\t\t\t\t\t\tInternship program\t\t\t\t\t\n\t\t\t\t\t\t\t<\/h1>\n\t\t<\/div>\n\t\t\n\t<\/div>\n<\/div>\n\t\t\t\t<\/div>\n\t\t\t\t<\/div>\n\t\t\t\t<div class=\"elementor-element elementor-element-8acc067 elementor-widget elementor-widget-pxl_text_editor\" data-id=\"8acc067\" data-element_type=\"widget\" data-widget_type=\"pxl_text_editor.default\">\n\t\t\t\t<div class=\"elementor-widget-container\">\n\t\t\t\t\t<div class=\"pxl-text-editor\">\n\t<div class=\"pxl-item--inner pxl-p2\" data-wow-delay=\"ms\">\n\t\t<div><div>Internship program is designed for students and graduates of environmental protection, environmental engineering, environmental management, biology, geography, chemistry, forestry or related courses.<\/div><\/div>\t\t\n\t<\/div>\n<\/div>\t\t\t\t<\/div>\n\t\t\t\t<\/div>\n\t\t\t\t<div class=\"elementor-element elementor-element-776f0f5 elementor-widget elementor-widget-pxl_button\" data-id=\"776f0f5\" data-element_type=\"widget\" data-widget_type=\"pxl_button.default\">\n\t\t\t\t<div class=\"elementor-widget-container\">\n\t\t\t\t\t<div class=\"pxl-button\">\r\n    <div class=\"pxl-item--container\">\r\n        <div class=\"pxl-item--inner\">\r\n            <a class=\"btn pxl-item--button pxl-btn-default pxl-btn-large pxl-btn-border pxl-btn-dark  pxl-hover-default\" href=\"\/en\/contact\/\" data-wow-delay=\"ms\" data-text=\"Kontakt\">\r\n                <span class=\"pxl-btn--text\">Contact<\/span>\r\n                                                            <i class=\"pxl-icon--default flaticon flaticon-up-right-arrow\"><\/i>\r\n                                                <\/a>\r\n        <\/div>\r\n    <\/div>\r\n<\/div>\r\n\r\n\t\t\t\t<\/div>\n\t\t\t\t<\/div>\n\t\t\t\t<div class=\"elementor-element elementor-element-71f3703 elementor-widget elementor-widget-pxl_text_editor\" data-id=\"71f3703\" data-element_type=\"widget\" data-widget_type=\"pxl_text_editor.default\">\n\t\t\t\t<div class=\"elementor-widget-container\">\n\t\t\t\t\t<div class=\"pxl-text-editor\">\n\t<div class=\"pxl-item--inner\" data-wow-delay=\"ms\">\n\t\t<p>In this respect, we are actively working with Adam Mickiewicz University and  Pozna\u0144 University of Life Sciences.<\/p><p><br \/>For further information, please contact the administration office of your University, supervisor of the Scientific Society or directly contact our Company.<\/p><p>\u00a0<\/p><p><strong>Terms of the internship:<\/strong><\/p><ul><li>the internship can be carried out exclusively in Pozna\u0144, either in the projects department or in the consulting and corporate services department.<\/li><li>during the internship we offer flexible working hours, but we prefer a minimum weekly 3-day presence<\/li><li>any conditions of remuneration for the internship, are set individually<\/li><\/ul><p><strong>We offer and provide:<\/strong><\/p><ul><li>getting familiar with the specifics of a consulting company in the field of environmental protection<\/li><li>prac\u0119 przy ambitnych i rozwojowych projektach<\/li><li>guidance of experienced people ready to share their knowledge with you<\/li><li>the acquisition of specific skills and qualifications<\/li><li>credentials after the internship<\/li><li>for best candidates we offer possibility of employment under a contract of employment<\/li><\/ul><p><strong>Requirements:<\/strong><\/p><ul><li>commitment to the entrusted tasks<\/li><li>willingness to learn and grow<\/li><li>good manners<\/li><li>teamwork skills<\/li><\/ul>\t\t\n\t<\/div>\n<\/div>\t\t\t\t<\/div>\n\t\t\t\t<\/div>\n\t\t\t\t<div class=\"elementor-element elementor-element-fd306b4 elementor-widget elementor-widget-pxl_button\" data-id=\"fd306b4\" data-element_type=\"widget\" data-widget_type=\"pxl_button.default\">\n\t\t\t\t<div class=\"elementor-widget-container\">\n\t\t\t\t\t<div class=\"pxl-button\">\r\n    <div class=\"pxl-item--container\">\r\n        <div class=\"pxl-item--inner\">\r\n            <a class=\"btn pxl-item--button pxl-btn-default pxl-btn-large pxl-btn-border pxl-btn-dark  pxl-hover-default\" href=\"\/en\/contact\/\" data-wow-delay=\"ms\" data-text=\"Kontakt\">\r\n                <span class=\"pxl-btn--text\">Contact<\/span>\r\n                                                            <i class=\"pxl-icon--default flaticon flaticon-up-right-arrow\"><\/i>\r\n                                                <\/a>\r\n        <\/div>\r\n    <\/div>\r\n<\/div>\r\n\r\n\t\t\t\t<\/div>\n\t\t\t\t<\/div>\n\t\t            <\/div>\r\n        <\/div>\r\n        \t\t\t<\/div>\n\t\t<\/section>\n\t\t        <section class=\"elementor-section elementor-top-section elementor-element elementor-element-28293ad elementor-section-stretched elementor-section-boxed elementor-section-height-default elementor-section-height-default pxl-row-scroll-none pxl-zoom-point-false pxl-section-overflow-visible pxl-section-fix-none pxl-bg-color-none pxl-section-overlay-none\" data-id=\"28293ad\" data-element_type=\"section\" data-settings=\"{&quot;stretch_section&quot;:&quot;section-stretched&quot;}\">\n\n                \n                <div class=\"elementor-container elementor-column-gap-extended\">\n                <div class=\"elementor-column elementor-col-50 elementor-top-column elementor-element elementor-element-3b8dd08 pxl-column-none pxl-column-overflow-hidden-no\" data-id=\"3b8dd08\" data-element_type=\"column\">\r\n        <div class=\"elementor-widget-wrap elementor-element-populated\">\r\n                     \r\n        \t\t<div class=\"elementor-element elementor-element-8f3d5f3 elementor-widget elementor-widget-pxl_heading\" data-id=\"8f3d5f3\" data-element_type=\"widget\" data-widget_type=\"pxl_heading.default\">\n\t\t\t\t<div class=\"elementor-widget-container\">\n\t\t\t\t\t\n<div id=\"pxl-pxl_heading-8f3d5f3-6558\" class=\"pxl-heading  pxl-subtitle-box-3\" >\n\t<div class=\"pxl-heading--container\" >\n\t\t<div class=\"pxl-heading--inner\">\n\t\t\t\t\t\t\t<div class=\"pxl-item--subtitle wow fadeInUp\" data-wow-delay=\"ms\">\n\t\t\t\t\t<span class=\"pxl-item--subtext\">\n\t\t\t\t\t\tContact us\t\t\t\t\t<\/span>\n\t\t\t\t<\/div>\n\t\t\t\t\t\t\t\t\t<h2 class=\"pxl-item--title pxl-heading-default  wow fadeInUp\" data-wow-delay=\"ms\">\n\t\t\t\tContact             <span class=\"pxl-title--highlight\">\n                form            <\/span>\n        \t\t\t\t\t\n\t\t\t\t\t\t\t<\/h2>\n\t\t<\/div>\n\t\t\n\t<\/div>\n<\/div>\n\t\t\t\t<\/div>\n\t\t\t\t<\/div>\n\t\t\t\t<div class=\"elementor-element elementor-element-0dfe937 elementor-widget elementor-widget-pxl_text_editor\" data-id=\"0dfe937\" data-element_type=\"widget\" data-widget_type=\"pxl_text_editor.default\">\n\t\t\t\t<div class=\"elementor-widget-container\">\n\t\t\t\t\t<div class=\"pxl-text-editor\">\n\t<div class=\"pxl-item--inner\" data-wow-delay=\"ms\">\n\t\t<div><div>Please include the following clause: \"I hereby authorize you to process my personal data included in my job application for the needs of the recruitment process in accordance with the Act of August 29, 1997 on personal data protection (Dz. U. of 2002. No. 101 item. 926, as amended). \"<\/div><div>\u00a0<\/div><\/div><div><div><div><strong>We will contact selected candidates.<\/strong><\/div><\/div><\/div>\t\t\n\t<\/div>\n<\/div>\t\t\t\t<\/div>\n\t\t\t\t<\/div>\n\t\t            <\/div>\r\n        <\/div>\r\n                <div class=\"elementor-column elementor-col-50 elementor-top-column elementor-element elementor-element-0781af0 pxl-column-none pxl-column-overflow-hidden-no\" data-id=\"0781af0\" data-element_type=\"column\">\r\n        <div class=\"elementor-widget-wrap elementor-element-populated\">\r\n                     \r\n        \t\t<div class=\"elementor-element elementor-element-da9639a elementor-widget elementor-widget-pxl_contact_form\" data-id=\"da9639a\" data-element_type=\"widget\" data-settings=\"{&quot;_animation_mobile_extra&quot;:&quot;none&quot;}\" data-widget_type=\"pxl_contact_form.default\">\n\t\t\t\t<div class=\"elementor-widget-container\">\n\t\t\t\t\t    <div class=\"pxl-contact-form pxl-contact-form1\" data-wow-delay=\"ms\">\r\n        \n<div class=\"wpcf7 no-js\" id=\"wpcf7-f24507-o1\" lang=\"pl-PL\" dir=\"ltr\" data-wpcf7-id=\"24507\">\n<div class=\"screen-reader-response\"><p role=\"status\" aria-live=\"polite\" aria-atomic=\"true\"><\/p> <ul><\/ul><\/div>\n<form action=\"\/en\/wp-json\/wp\/v2\/pages\/24492#wpcf7-f24507-o1\" method=\"post\" class=\"wpcf7-form init\" aria-label=\"Formularz kontaktowy\" enctype=\"multipart\/form-data\" novalidate=\"novalidate\" data-status=\"init\" data-trp-original-action=\"\/en\/wp-json\/wp\/v2\/pages\/24492#wpcf7-f24507-o1\">\n<fieldset class=\"hidden-fields-container\"><input type=\"hidden\" name=\"_wpcf7\" value=\"24507\" \/><input type=\"hidden\" name=\"_wpcf7_version\" value=\"6.1.4\" \/><input type=\"hidden\" name=\"_wpcf7_locale\" value=\"pl_PL\" \/><input type=\"hidden\" name=\"_wpcf7_unit_tag\" value=\"wpcf7-f24507-o1\" \/><input type=\"hidden\" name=\"_wpcf7_container_post\" value=\"0\" \/><input type=\"hidden\" name=\"_wpcf7_posted_data_hash\" value=\"\" \/><input type=\"hidden\" name=\"_wpcf7_recaptcha_response\" value=\"\" \/>\n<\/fieldset>\n<div class=\"pxl-contact-us-form layout-1 row\">\n\t<div class=\"col-xl-6 col-lg-6 col-md-6 col-sm-6 col-12 pxl-field-wrap\" >\n\t\t<p><span class=\"wpcf7-form-control-wrap\" data-name=\"your-name\"><input size=\"40\" maxlength=\"400\" class=\"wpcf7-form-control wpcf7-text wpcf7-validates-as-required pxl-b3 pxl-green-2 pxl-name-field\" autocomplete=\"text\" aria-required=\"true\" aria-invalid=\"false\" placeholder=\"Full Name*\" value=\"\" type=\"text\" name=\"your-name\" \/><\/span>\n\t\t<\/p>\n\t<\/div>\n\t<div class=\"col-xl-6 col-lg-6 col-md-6 col-sm-6 col-12 pxl-field-wrap\" >\n\t\t<p><span class=\"wpcf7-form-control-wrap\" data-name=\"your-email\"><input size=\"40\" maxlength=\"400\" class=\"wpcf7-form-control wpcf7-email wpcf7-validates-as-required wpcf7-text wpcf7-validates-as-email pxl-b3 pxl-green-2 pxl-email-field\" autocomplete=\"email\" aria-required=\"true\" aria-invalid=\"false\" placeholder=\"E-mail\" value=\"\" type=\"email\" name=\"your-email\" \/><\/span>\n\t\t<\/p>\n\t<\/div>\n\t<div class=\"col-xl-12 col-lg-12 col-md-12 col-sm-12 col-12 pxl-field-wrap\" >\n\t\t<p><span class=\"wpcf7-form-control-wrap\" data-name=\"your-phone\"><input size=\"40\" maxlength=\"400\" class=\"wpcf7-form-control wpcf7-tel wpcf7-validates-as-required wpcf7-text wpcf7-validates-as-tel pxl-b3 pxl-green-2 pxl-email-field\" autocomplete=\"phone\" aria-required=\"true\" aria-invalid=\"false\" placeholder=\"Phone number*\" value=\"\" type=\"tel\" name=\"your-phone\" \/><\/span>\n\t\t<\/p>\n\t<\/div>\n\t<div class=\"col-xl-12 col-lg-12 col-md-12 col-sm-12 pxl-field-wrap field-cf7-file\" >\n\t\t<p><label>Add CV*<\/label><span class=\"wpcf7-form-control-wrap\" data-name=\"file-811\"><input size=\"40\" class=\"wpcf7-form-control wpcf7-file wpcf7-validates-as-required\" accept=\".pdf,.doc,.docx,.odt,.txt\" aria-required=\"true\" aria-invalid=\"false\" type=\"file\" name=\"file-811\" \/><\/span>\n\t\t<\/p>\n\t<\/div>\n\t<div class=\"col-12 pxl-field-wrap\" >\n\t\t<p><span class=\"wpcf7-form-control-wrap\" data-name=\"your-message\"><textarea cols=\"40\" rows=\"12\" maxlength=\"2000\" class=\"wpcf7-form-control wpcf7-textarea pxl-b3 pxl-green-2 pxl-message-field\" aria-invalid=\"false\" placeholder=\"Message\" name=\"your-message\"><\/textarea><\/span>\n\t\t<\/p>\n\t<\/div>\n\t<div class=\"col-12 pxl-btn-wrap\" >\n\t\t<p><button type=\"submit\" class=\"btn pxl-btn-default pxl-btn-large pxl-btn-bg pxl-btn-dark pxl-hover-default btn-submit\"><span class=\"pxl-btn--text\">Send<\/span><i class=\"pxl-icon--default flaticon flaticon-up-right-arrow\"><\/i><\/button>\n\t\t<\/p>\n\t<\/div>\n<\/div><div class=\"wpcf7-response-output\" aria-hidden=\"true\"><\/div>\n<input type=\"hidden\" name=\"trp-form-language\" value=\"en\"\/><\/form>\n<\/div>\n                    <div class=\"pxl-form-loader dark\">\r\n                <div class=\"bar1\"><\/div>\r\n                <div class=\"bar2\"><\/div>\r\n                <div class=\"bar3\"><\/div>\r\n                <div class=\"bar4\"><\/div>\r\n                <div class=\"bar5\"><\/div>\r\n                <div class=\"bar6\"><\/div>\r\n                <div class=\"bar7\"><\/div>\r\n                <div class=\"bar8\"><\/div>\r\n                <div class=\"bar9\"><\/div>\r\n                <div class=\"bar10\"><\/div>\r\n                <div class=\"bar11\"><\/div>\r\n                <div class=\"bar12\"><\/div>\r\n            <\/div>\r\n            <\/div>\r\n\t\t\t\t<\/div>\n\t\t\t\t<\/div>\n\t\t            <\/div>\r\n        <\/div>\r\n        \t\t\t<\/div>\n\t\t<\/section>\n\t\t        <section class=\"elementor-section elementor-top-section elementor-element elementor-element-ee0b6b1 elementor-section-stretched elementor-section-boxed elementor-section-height-default elementor-section-height-default pxl-row-scroll-none pxl-zoom-point-false pxl-section-overflow-visible pxl-section-fix-none pxl-bg-color-none pxl-section-overlay-none\" data-id=\"ee0b6b1\" data-element_type=\"section\" data-settings=\"{&quot;stretch_section&quot;:&quot;section-stretched&quot;}\">\n\n                \n                <div class=\"elementor-container elementor-column-gap-extended\">\n                <div class=\"elementor-column elementor-col-100 elementor-top-column elementor-element elementor-element-3ce9391 pxl-column-none pxl-column-overflow-hidden-no\" data-id=\"3ce9391\" data-element_type=\"column\">\r\n        <div class=\"elementor-widget-wrap elementor-element-populated\">\r\n                     \r\n                <section class=\"elementor-section elementor-inner-section elementor-element elementor-element-6269121 elementor-section-full_width elementor-section-height-default elementor-section-height-default pxl-row-scroll-none pxl-zoom-point-false pxl-section-overflow-visible pxl-section-fix-none pxl-full-content-with-space-none pxl-bg-color-none pxl-section-overlay-none\" data-id=\"6269121\" data-element_type=\"section\">\n\n                \n                <div class=\"elementor-container elementor-column-gap-extended\">\n                <div class=\"elementor-column elementor-col-50 elementor-inner-column elementor-element elementor-element-4e8d8c2 pxl-column-none pxl-column-overflow-hidden-no\" data-id=\"4e8d8c2\" data-element_type=\"column\">\r\n        <div class=\"elementor-widget-wrap elementor-element-populated\">\r\n                     \r\n        \t\t<div class=\"elementor-element elementor-element-de1d43e elementor-widget elementor-widget-pxl_image\" data-id=\"de1d43e\" data-element_type=\"widget\" data-widget_type=\"pxl_image.default\">\n\t\t\t\t<div class=\"elementor-widget-container\">\n\t\t\t\t\t<div id=\"pxl_image-de1d43e-3699\"  class=\"pxl-image-single\"  data-wow-delay=\"ms\" \r\n      \r\n          data-parallax-value = \"0\">\r\n    <div class=\"pxl-item--inner\" data-wow-delay=\"120ms\">\r\n                                    <div class=\"pxl-item--image\" >\r\n                                            <img fetchpriority=\"high\" decoding=\"async\" width=\"700\" height=\"990\" src=\"https:\/\/www.eko-projekt.com\/wp-content\/uploads\/2026\/01\/podziekowania2.avif\" class=\"no-lazyload attachment-full\" alt=\"\" \/>                                    <\/div>\r\n                                                                    <\/div>\r\n<\/div>\r\n\t\t\t\t<\/div>\n\t\t\t\t<\/div>\n\t\t            <\/div>\r\n        <\/div>\r\n                <div class=\"elementor-column elementor-col-50 elementor-inner-column elementor-element elementor-element-d236028 pxl-column-none pxl-column-overflow-hidden-no\" data-id=\"d236028\" data-element_type=\"column\">\r\n        <div class=\"elementor-widget-wrap elementor-element-populated\">\r\n                     \r\n        \t\t<div class=\"elementor-element elementor-element-f60f59f elementor-widget elementor-widget-pxl_image\" data-id=\"f60f59f\" data-element_type=\"widget\" data-widget_type=\"pxl_image.default\">\n\t\t\t\t<div class=\"elementor-widget-container\">\n\t\t\t\t\t<div id=\"pxl_image-f60f59f-9032\"  class=\"pxl-image-single\"  data-wow-delay=\"ms\" \r\n      \r\n          data-parallax-value = \"0\">\r\n    <div class=\"pxl-item--inner\" data-wow-delay=\"120ms\">\r\n                                    <div class=\"pxl-item--image\" >\r\n                                            <img decoding=\"async\" width=\"700\" height=\"1010\" src=\"https:\/\/www.eko-projekt.com\/wp-content\/uploads\/2026\/01\/podziekowanie3.avif\" class=\"no-lazyload attachment-full\" alt=\"\" \/>                                    <\/div>\r\n                                                                    <\/div>\r\n<\/div>\r\n\t\t\t\t<\/div>\n\t\t\t\t<\/div>\n\t\t            <\/div>\r\n        <\/div>\r\n        \t\t\t<\/div>\n\t\t<\/section>\n\t\t            <\/div>\r\n        <\/div>\r\n        \t\t\t<\/div>\n\t\t<\/section>\n\t\t\t\t<\/div>","protected":false},"excerpt":{"rendered":"<p>Program sta\u017cowy Program sta\u017cowy skierowany jest do student\u00f3w i absolwent\u00f3w kierunk\u00f3w wy\u017cszych takich jak: ochrona \u015brodowiska, in\u017cynieria \u015brodowiska, zarz\u0105dzanie \u015brodowiskiem, biologia, geografia, chemia, le\u015bnictwo lub kierunki pokrewne. Kontakt W powy\u017cszym zakresie aktywnie wsp\u00f3\u0142pracujemy z Uniwerystetem im. Adam Mickiewicza oraz Uniwerystetem Przyrodniczym w Poznaniu. W celu uzyskania dodatkowych informacji prosimy o kontakt z administracj\u0105 Pa\u0144stwa Uczelni, [&hellip;]<\/p>\n","protected":false},"author":1,"featured_media":0,"parent":0,"menu_order":0,"comment_status":"closed","ping_status":"closed","template":"","meta":{"footnotes":""},"class_list":["post-24492","page","type-page","status-publish","hentry"],"yoast_head":"<!-- This site is optimized with the Yoast SEO plugin v26.8 - https:\/\/yoast.com\/product\/yoast-seo-wordpress\/ -->\n<title>Sta\u017c Ochrona \u015arodowiska Warszawa, Krak\u00f3w, Pozna\u0144 - Eko Projekt<\/title>\n<meta name=\"description\" content=\"Profesjonalne doradztwo w zakresie ochrony \u015brodowiska\" \/>\n<meta name=\"robots\" content=\"index, follow, max-snippet:-1, max-image-preview:large, max-video-preview:-1\" \/>\n<link rel=\"canonical\" href=\"https:\/\/www.eko-projekt.com\/en\/internship-program\/\" \/>\n<meta property=\"og:locale\" content=\"en_US\" \/>\n<meta property=\"og:type\" content=\"article\" \/>\n<meta property=\"og:title\" content=\"Sta\u017c Ochrona \u015arodowiska Warszawa, Krak\u00f3w, Pozna\u0144 - Eko Projekt\" \/>\n<meta property=\"og:description\" content=\"Profesjonalne doradztwo w zakresie ochrony \u015brodowiska\" \/>\n<meta property=\"og:url\" content=\"https:\/\/www.eko-projekt.com\/en\/internship-program\/\" \/>\n<meta property=\"og:site_name\" content=\"Eko-projekt.com\" \/>\n<meta property=\"article:modified_time\" content=\"2026-02-18T14:30:54+00:00\" \/>\n<meta property=\"og:image\" content=\"https:\/\/www.eko-projekt.com\/wp-content\/uploads\/2026\/01\/podziekowania2.avif\" \/>\n<meta name=\"twitter:card\" content=\"summary_large_image\" \/>\n<meta name=\"twitter:label1\" content=\"Est. reading time\" \/>\n\t<meta name=\"twitter:data1\" content=\"2 minutes\" \/>\n<script type=\"application\/ld+json\" class=\"yoast-schema-graph\">{\"@context\":\"https:\/\/schema.org\",\"@graph\":[{\"@type\":\"WebPage\",\"@id\":\"https:\/\/www.eko-projekt.com\/program-stazowy\/\",\"url\":\"https:\/\/www.eko-projekt.com\/program-stazowy\/\",\"name\":\"Sta\u017c Ochrona \u015arodowiska Warszawa, Krak\u00f3w, Pozna\u0144 - Eko Projekt\",\"isPartOf\":{\"@id\":\"https:\/\/www.eko-projekt.com\/#website\"},\"primaryImageOfPage\":{\"@id\":\"https:\/\/www.eko-projekt.com\/program-stazowy\/#primaryimage\"},\"image\":{\"@id\":\"https:\/\/www.eko-projekt.com\/program-stazowy\/#primaryimage\"},\"thumbnailUrl\":\"https:\/\/www.eko-projekt.com\/wp-content\/uploads\/2026\/01\/podziekowania2.avif\",\"datePublished\":\"2026-01-30T09:17:58+00:00\",\"dateModified\":\"2026-02-18T14:30:54+00:00\",\"description\":\"Profesjonalne doradztwo w zakresie ochrony \u015brodowiska\",\"breadcrumb\":{\"@id\":\"https:\/\/www.eko-projekt.com\/program-stazowy\/#breadcrumb\"},\"inLanguage\":\"en-US\",\"potentialAction\":[{\"@type\":\"ReadAction\",\"target\":[\"https:\/\/www.eko-projekt.com\/program-stazowy\/\"]}]},{\"@type\":\"ImageObject\",\"inLanguage\":\"en-US\",\"@id\":\"https:\/\/www.eko-projekt.com\/program-stazowy\/#primaryimage\",\"url\":\"https:\/\/www.eko-projekt.com\/wp-content\/uploads\/2026\/01\/podziekowania2.avif\",\"contentUrl\":\"https:\/\/www.eko-projekt.com\/wp-content\/uploads\/2026\/01\/podziekowania2.avif\"},{\"@type\":\"BreadcrumbList\",\"@id\":\"https:\/\/www.eko-projekt.com\/program-stazowy\/#breadcrumb\",\"itemListElement\":[{\"@type\":\"ListItem\",\"position\":1,\"name\":\"Home\",\"item\":\"https:\/\/www.eko-projekt.com\/\"},{\"@type\":\"ListItem\",\"position\":2,\"name\":\"Program sta\u017cowy\"}]},{\"@type\":\"WebSite\",\"@id\":\"https:\/\/www.eko-projekt.com\/#website\",\"url\":\"https:\/\/www.eko-projekt.com\/\",\"name\":\"Eko-projekt.com\",\"description\":\"\",\"potentialAction\":[{\"@type\":\"SearchAction\",\"target\":{\"@type\":\"EntryPoint\",\"urlTemplate\":\"https:\/\/www.eko-projekt.com\/?s={search_term_string}\"},\"query-input\":{\"@type\":\"PropertyValueSpecification\",\"valueRequired\":true,\"valueName\":\"search_term_string\"}}],\"inLanguage\":\"en-US\"}]}<\/script>\n<!-- \/ Yoast SEO plugin. -->","yoast_head_json":{"title":"Sta\u017c Ochrona \u015arodowiska Warszawa, Krak\u00f3w, Pozna\u0144 - Eko Projekt","description":"Profesjonalne doradztwo w zakresie ochrony \u015brodowiska","robots":{"index":"index","follow":"follow","max-snippet":"max-snippet:-1","max-image-preview":"max-image-preview:large","max-video-preview":"max-video-preview:-1"},"canonical":"https:\/\/www.eko-projekt.com\/en\/internship-program\/","og_locale":"en_US","og_type":"article","og_title":"Sta\u017c Ochrona \u015arodowiska Warszawa, Krak\u00f3w, Pozna\u0144 - Eko Projekt","og_description":"Profesjonalne doradztwo w zakresie ochrony \u015brodowiska","og_url":"https:\/\/www.eko-projekt.com\/en\/internship-program\/","og_site_name":"Eko-projekt.com","article_modified_time":"2026-02-18T14:30:54+00:00","og_image":[{"url":"https:\/\/www.eko-projekt.com\/wp-content\/uploads\/2026\/01\/podziekowania2.avif","type":"","width":"","height":""}],"twitter_card":"summary_large_image","twitter_misc":{"Est. reading time":"2 minutes"},"schema":{"@context":"https:\/\/schema.org","@graph":[{"@type":"WebPage","@id":"https:\/\/www.eko-projekt.com\/program-stazowy\/","url":"https:\/\/www.eko-projekt.com\/program-stazowy\/","name":"Sta\u017c Ochrona \u015arodowiska Warszawa, Krak\u00f3w, Pozna\u0144 - Eko Projekt","isPartOf":{"@id":"https:\/\/www.eko-projekt.com\/#website"},"primaryImageOfPage":{"@id":"https:\/\/www.eko-projekt.com\/program-stazowy\/#primaryimage"},"image":{"@id":"https:\/\/www.eko-projekt.com\/program-stazowy\/#primaryimage"},"thumbnailUrl":"https:\/\/www.eko-projekt.com\/wp-content\/uploads\/2026\/01\/podziekowania2.avif","datePublished":"2026-01-30T09:17:58+00:00","dateModified":"2026-02-18T14:30:54+00:00","description":"Profesjonalne doradztwo w zakresie ochrony \u015brodowiska","breadcrumb":{"@id":"https:\/\/www.eko-projekt.com\/program-stazowy\/#breadcrumb"},"inLanguage":"en-US","potentialAction":[{"@type":"ReadAction","target":["https:\/\/www.eko-projekt.com\/program-stazowy\/"]}]},{"@type":"ImageObject","inLanguage":"en-US","@id":"https:\/\/www.eko-projekt.com\/program-stazowy\/#primaryimage","url":"https:\/\/www.eko-projekt.com\/wp-content\/uploads\/2026\/01\/podziekowania2.avif","contentUrl":"https:\/\/www.eko-projekt.com\/wp-content\/uploads\/2026\/01\/podziekowania2.avif"},{"@type":"BreadcrumbList","@id":"https:\/\/www.eko-projekt.com\/program-stazowy\/#breadcrumb","itemListElement":[{"@type":"ListItem","position":1,"name":"Home","item":"https:\/\/www.eko-projekt.com\/"},{"@type":"ListItem","position":2,"name":"Program sta\u017cowy"}]},{"@type":"WebSite","@id":"https:\/\/www.eko-projekt.com\/#website","url":"https:\/\/www.eko-projekt.com\/","name":"Eko-projekt.com","description":"","potentialAction":[{"@type":"SearchAction","target":{"@type":"EntryPoint","urlTemplate":"https:\/\/www.eko-projekt.com\/?s={search_term_string}"},"query-input":{"@type":"PropertyValueSpecification","valueRequired":true,"valueName":"search_term_string"}}],"inLanguage":"en-US"}]}},"_links":{"self":[{"href":"https:\/\/www.eko-projekt.com\/en\/wp-json\/wp\/v2\/pages\/24492","targetHints":{"allow":["GET"]}}],"collection":[{"href":"https:\/\/www.eko-projekt.com\/en\/wp-json\/wp\/v2\/pages"}],"about":[{"href":"https:\/\/www.eko-projekt.com\/en\/wp-json\/wp\/v2\/types\/page"}],"author":[{"embeddable":true,"href":"https:\/\/www.eko-projekt.com\/en\/wp-json\/wp\/v2\/users\/1"}],"replies":[{"embeddable":true,"href":"https:\/\/www.eko-projekt.com\/en\/wp-json\/wp\/v2\/comments?post=24492"}],"version-history":[{"count":16,"href":"https:\/\/www.eko-projekt.com\/en\/wp-json\/wp\/v2\/pages\/24492\/revisions"}],"predecessor-version":[{"id":26097,"href":"https:\/\/www.eko-projekt.com\/en\/wp-json\/wp\/v2\/pages\/24492\/revisions\/26097"}],"wp:attachment":[{"href":"https:\/\/www.eko-projekt.com\/en\/wp-json\/wp\/v2\/media?parent=24492"}],"curies":[{"name":"wp","href":"https:\/\/api.w.org\/{rel}","templated":true}]}}