{"id":26016,"date":"2026-02-16T08:59:54","date_gmt":"2026-02-16T07:59:54","guid":{"rendered":"https:\/\/eko-projekt.empressia.dev\/?page_id=26016"},"modified":"2026-03-30T10:13:47","modified_gmt":"2026-03-30T08:13:47","slug":"polityka-prywatnosci","status":"publish","type":"page","link":"https:\/\/www.eko-projekt.com\/de\/polityka-prywatnosci\/","title":{"rendered":"Datenschutzerkl\u00e4rung"},"content":{"rendered":"\t\t<div data-elementor-type=\"wp-page\" data-elementor-id=\"26016\" class=\"elementor elementor-26016\">\n\t\t\t\t        <section class=\"elementor-section elementor-top-section elementor-element elementor-element-8a2e44b elementor-section-stretched pxl-row-scroll-fixed elementor-section-boxed elementor-section-height-default elementor-section-height-default pxl-zoom-point-false pxl-section-overflow-visible pxl-section-fix-none pxl-bg-color-none pxl-section-overlay-none\" data-id=\"8a2e44b\" data-element_type=\"section\" data-settings=\"{&quot;stretch_section&quot;:&quot;section-stretched&quot;}\">\n\n                \n                <div class=\"elementor-container elementor-column-gap-extended \">\n                <div class=\"elementor-column elementor-col-50 elementor-top-column elementor-element elementor-element-5f95324 pxl-column-none pxl-column-overflow-hidden-no\" data-id=\"5f95324\" data-element_type=\"column\">\r\n        <div class=\"elementor-widget-wrap elementor-element-populated\">\r\n                     \r\n        \t\t<div class=\"elementor-element elementor-element-cb7f43b elementor-widget elementor-widget-pxl_heading\" data-id=\"cb7f43b\" data-element_type=\"widget\" data-widget_type=\"pxl_heading.default\">\n\t\t\t\t<div class=\"elementor-widget-container\">\n\t\t\t\t\t\n<div id=\"pxl-pxl_heading-cb7f43b-7041\" class=\"pxl-heading   \" >\n\t<div class=\"pxl-heading--container\" >\n\t\t<div class=\"pxl-heading--inner\">\n\t\t\t\t\t\t\t\t\t<h1 class=\"pxl-item--title pxl-heading-custom  \" data-wow-delay=\"ms\">\n\t\t\t\t\t\t\t\tPolityka prywatno\u015bci\t\t\t\t\t\n\t\t\t\t\t\t\t<\/h1>\n\t\t<\/div>\n\t\t\n\t<\/div>\n<\/div>\n\t\t\t\t<\/div>\n\t\t\t\t<\/div>\n\t\t\t\t<div class=\"elementor-element elementor-element-3a0281c elementor-widget elementor-widget-pxl_text_editor\" data-id=\"3a0281c\" data-element_type=\"widget\" data-widget_type=\"pxl_text_editor.default\">\n\t\t\t\t<div class=\"elementor-widget-container\">\n\t\t\t\t\t<div class=\"pxl-text-editor\">\n\t<div class=\"pxl-item--inner pxl-p2  \" data-wow-delay=\"ms\">\n\t\t<p class=\"p1\"><b>Informacje og\u00f3lne<\/b><\/p><ol class=\"ol1\"><li class=\"li2\">Niniejsza Polityka prywatno\u015bci ma na celu zapewnienie poczucia bezpiecze\u0144stwa ka\u017cdemu u\u017cytkownikowi naszego serwisu internetowego\u00a0<a href=\"https:\/\/www.eko-projekt.com.\/\">https:\/\/www.eko-projekt.com.<\/a><\/li><li class=\"li2\">Funkcjonowanie naszego serwisu internetowego odbywa si\u0119 zgodnie z wymogami powszechnie i bezwzgl\u0119dnie obowi\u0105zuj\u0105cych przepis\u00f3w prawa, a tak\u017ce z zastosowaniem powszechnie przyj\u0119tych rozwi\u0105za\u0144 s\u0142u\u017c\u0105cych zabezpieczeniu danych u\u017cytkownik\u00f3w.<\/li><li class=\"li2\">Korzystanie z naszego serwisu internetowego jest r\u00f3wnoznaczne z akceptacj\u0105 warunk\u00f3w niniejszej Polityki prywatno\u015bci.<\/li><li class=\"li2\">Niniejsza Polityka prywatno\u015bci dotyczy wy\u0142\u0105cznie naszego serwisu internetowego. Zwracamy uwag\u0119, \u017ce w przypadku przej\u015bcia do innej strony internetowej za pomoc\u0105 odno\u015bnika, kt\u00f3ry mo\u017ce zosta\u0107 zawarty w naszym serwisie, b\u0119dzie na niej obowi\u0105zywa\u0142a inna polityka prywatno\u015bci i cookies. Zalecamy zapoznanie si\u0119 z ich tre\u015bci\u0105.<\/li><li class=\"li2\">Zastrzegamy sobie prawo do wprowadzania zmian w niniejszej polityce prywatno\u015bci. Zmiany te nie b\u0119d\u0105 jednak narusza\u0142y podstawowych zasad bezpiecze\u0144stwa i prywatno\u015bci u\u017cytkownik\u00f3w naszego serwisu internetowego.<\/li><li class=\"li2\"><b>Administratorem Pa\u0144stwa danych osobowych jest EKO \u2013 PROJEKT Sp. z o.o. S.K. z siedzib\u0105 w Poznaniu (60-277), przy ul. Grochowskiej 19\/1.<\/b><\/li><li class=\"li2\"><b>Mo\u017cecie si\u0119 Pa\u0144stwo z nami kontaktowa\u0107 listownie, na adres naszego biura, poczt\u0105 elektroniczn\u0105, na adres\u00a0<\/b><b><span id=\"cloak22c83973ba3b3e002068d9c1d004fd11\"><\/span><\/b><b><a href=\"mailto:biuro@eko-projekt.com\">biuro@eko-projekt.com<\/a><\/b><b>\u00a0lub telefonicznie, na numer\u00a0<\/b><span class=\"s1\"><b>+48 61 307 31 32<\/b><\/span><b>.<\/b><\/li><\/ol><p class=\"p1\"><b>Ochrona danych osobowych<\/b><\/p><ol class=\"ol1\"><li class=\"li2\">W zwi\u0105zku z funkcjonowaniem naszego serwisu internetowego zbierane i przetwarzane s\u0105 nast\u0119puj\u0105ce rodzaje danych osobowych u\u017cytkownik\u00f3w serwisu:<ol class=\"ol1\"><li class=\"li2\">Dane wprowadzone do formularza kontaktowego: adres e-mail, imi\u0119 i nazwisko oraz opcjonalnie, numer telefonu i ewentualne inne dane zawarte w za\u0142\u0105cznikach do zapytania;<\/li><li class=\"li2\">Identyfikator nadawany osobie odwiedzaj\u0105cej (ID) i oceny przyznane naszym artyku\u0142om (przetwarzanie z wykorzystaniem technologii \u201ecookies\u201d);<\/li><li class=\"li2\">Identyfikator nadawany osobie odwiedzaj\u0105cej (ID) oraz powi\u0105zane z nim informacje statystyczne, o odwiedzinach na naszej stronie oraz aktywno\u015bci podj\u0119tej w czasie tych odwiedzin (przetwarzanie z wykorzystaniem technologii \u201ecookies\u201d).<\/li><\/ol><\/li><li class=\"li4\">Przetwarzanie danych osobowych zwi\u0105zane ze sk\u0142adaniem aplikacji w zak\u0142adce\u00a0<a href=\"https:\/\/www.eko-projekt.com\/kariera\/praca\"><span class=\"s2\"><b>https:\/\/www.eko-projekt.com\/kariera\/praca<\/b><\/span><\/a>\u00a0realizowane jest na zasadach opisanych w dokumencie:\u00a0<a href=\"https:\/\/www.eko-projekt.com\/przetwarzanie-danych-osobowych-kandydatow-do-pracy\" target=\"_blank\" rel=\"noopener\"><span class=\"s3\">Przetwarzanie danych osobowych kandydat\u00f3w do pracy\u00a0<\/span><\/a><\/li><li class=\"li2\">Dane osobowe zbierane od u\u017cytkownik\u00f3w, kt\u00f3rzy skorzystali z formularza kontaktowego, stosowane s\u0105 przez nas do opracowania i przes\u0142ania odpowiedzi na to zapytanie. W przypadku, w kt\u00f3rym udzielenie jednoznacznej i wyczerpuj\u0105cej odpowiedzi na przes\u0142ane nam zapytanie wymaga pozyskania przez nas szerszych informacji, podejmujemy pr\u00f3b\u0119 kontaktu zmierzaj\u0105cego do zgromadzenia potrzebnej wiedzy.<\/li><li class=\"li2\">Je\u017celi kontakt przez formularz dotyczy problem\u00f3w technicznych zwi\u0105zanych z funkcjonowaniem naszego serwisu, dane przetwarzane s\u0105 w celu rozwi\u0105zania tego problemu technicznego lub te\u017c przekazania instrukcji post\u0119powania z serwisem i jego funkcjonalno\u015bciami.<\/li><li class=\"li2\">Informacje o aktywno\u015bci os\u00f3b odwiedzaj\u0105cych nasz\u0105 stron\u0119 docieraj\u0105 do nas w postaci zagregowanej (a wi\u0119c statystycznej \u2013 nie mamy mo\u017cliwo\u015bci dokonania analizy zachowa\u0144 jakiejkolwiek konkretnej osoby). S\u0142u\u017c\u0105 one do badania czytelno\u015bci strony i zawartych w niej tre\u015bci, monitorowaniu, jak u\u017cytkownicy nawiguj\u0105 po stronie oraz kt\u00f3re tre\u015bci s\u0105 dla nich atrakcyjne. Dzia\u0142ania te prowadzimy w celu zrozumienia potrzeb naszych u\u017cytkownik\u00f3w oraz podnoszenia walor\u00f3w komunikacyjnych, edukacyjnych i u\u017cytkownych naszej strony.<\/li><li class=\"li2\">Zbierane przez nas dane osobowe s\u0105 przetwarzane w oparciu o nast\u0119puj\u0105ce podstawy prawne:<ol class=\"ol1\"><li class=\"li2\">Przepisy o ochronie danych uprawniaj\u0105 nas do pracy na danych osobowych na \u017c\u0105danie osoby, kt\u00f3ra potencjalnie chce wej\u015b\u0107 z nami w relacj\u0119 umown\u0105, w zakresie, w jakim jest to niezb\u0119dne do umo\u017cliwienia zawarcia takiej umowy (art. 6 ust. 1 lit. b RODO). Przes\u0142anie zapytania ofertowego przez formularz kontaktowy odczytujemy jako wol\u0119 zawarcia umowy, a zgromadzenie informacji potrzebnych do opracowania i przedstawienia oferty uwa\u017camy za dzia\u0142ania niezb\u0119dne przed zawarciem takiej umowy.<\/li><li class=\"li2\">Obs\u0142ug\u0119 zapyta\u0144 o funkcjonalno\u015bci serwisu oraz zg\u0142osze\u0144 ewentualnych problem\u00f3w technicznych, kierowanych do nas przez formularz kontaktowych, uwa\u017camy za sw\u00f3j prawnie uzasadniony interes (art. 6 ust. 1 lit. f RODO).<\/li><li class=\"li2\">Dane gromadzone z wykorzystaniem technologii cookies, s\u0142u\u017c\u0105ce prowadzeniu analiz zachowa\u0144 na naszej stronie przetwarzane s\u0105 na podstawie dobrowolnej zgody, kt\u00f3r\u0105 mo\u017cna wycofa\u0107 w dowolnym momencie (art. 6 ust. 1 lit. a RODO oraz art. 173 ust. 2 Ustawy Prawo Telekomunikacyjne).<\/li><\/ol><\/li><li class=\"li5\">Dane osobowe nie s\u0105 udost\u0119pniane. Odst\u0119pstwem od tej zasady mo\u017ce by\u0107 sytuacja, w kt\u00f3rej o dost\u0119p do nich wyst\u0105pi podmiot posiadaj\u0105cy takie uprawnienia na mocy przepis\u00f3w prawa (np. s\u0105d, policja, prokuratura).\u00a0<\/li><li class=\"li5\">Przy przetwarzaniu danych administrator wspiera si\u0119 podwykonawcami, kt\u00f3rzy \u015bwiadcz\u0105 us\u0142ugi w zakresie administrowania serwisem, hostingu danych oraz analizy danych.<\/li><li class=\"li5\">Dane osobowe zebrane w zwi\u0105zku z obs\u0142ug\u0105 zapyta\u0144 ofertowych nadsy\u0142anych z formularza przechowywane s\u0105 przez nas przez okres\u00a0<span class=\"s1\">24 miesi\u0119cy<\/span>. Dane s\u0142u\u017c\u0105ce do badania aktywno\u015bci u\u017cytkownik\u00f3w na naszej stronie s\u0105 niezw\u0142ocznie anonimizowane.<\/li><li class=\"li5\">Dane przetwarzane z zastosowaniem technologii cookies procesowane s\u0105 przez czas wskazany w tabelarycznym zestawieniu dost\u0119pnym poni\u017cej.\u00a0<\/li><li class=\"li5\">Ka\u017cdej osobie, kt\u00f3rej dane osobowe s\u0105 przetwarzane, przys\u0142uguj\u0105 nast\u0119puj\u0105ce prawa: prawo dost\u0119pu do tre\u015bci swoich danych osobowych, prawo do uzyskania ich kopii, prawo do ich sprostowania, usuni\u0119cia lub ograniczenia przetwarzania oraz prawo do ich przenoszenia.<\/li><li class=\"li5\">Ponadto, w zakresie danych procesowanych z wykorzystaniem technologii cookies,<span class=\"Apple-converted-space\">\u00a0\u00a0<\/span>u\u017cytkownikom przys\u0142uguje r\u00f3wnie\u017c prawo wycofania zgody w dowolnym momencie. Zarz\u0105dzania zgodami dokonuje si\u0119 przez narz\u0119dzie zawarte w\u00a0<span class=\"s4\">tutaj\u00a0<\/span><\/li><li class=\"li5\">Osobom, kt\u00f3rych dane gromadzimy przys\u0142uguje r\u00f3wnie\u017c prawo do wniesienia sprzeciwu wobec przetwarzania ich danych osobowych.<\/li><li class=\"li2\">Osoby, kt\u00f3rych dane przetwarzamy, maj\u0105 tak\u017ce prawo do wniesienia skargi do organu nadzorczego je\u017celi dojd\u0105 do wniosku, \u017ce nasza praktyka narusza przepisy prawa.<\/li><li class=\"li2\">Zaznaczamy, \u017ce powy\u017csze uprawnienia dotycz\u0105 wy\u0142\u0105cznie danych, kt\u00f3re mo\u017cna powi\u0105za\u0107 z osob\u0105 wnioskuj\u0105c\u0105. Prawa te nie znajduj\u0105 zastosowania do anonimowych informacji statystycznych (art. 11 ust. 2 RODO).<\/li><li class=\"li6\">Podanie pozosta\u0142ych danych osobowych nie jest wymogiem ustawowym ani warunkiem zawarcia umowy, a osoba kt\u00f3rej dane dotycz\u0105 nie jest zobowi\u0105zana do ich podania. Podanie zbieranych danych osobowych jest dobrowolne. Konsekwencjami niepodania danych osobowych b\u0119dzie brak mo\u017cliwo\u015bci skorzystania z formularza kontaktowego oraz ograniczenie naszych mo\u017cliwo\u015bci analizy zachowa\u0144 na naszej stronie.<\/li><li class=\"li6\">Dzia\u0142ania automatyczne, kt\u00f3re realizujemy z wykorzystaniem informacji na temat u\u017cytkownik\u00f3w nie poci\u0105gaj\u0105 za sob\u0105 skutku prawnego ani w podobny spos\u00f3b istotnego. Nie profilujemy naszych u\u017cytkownik\u00f3w.<\/li><\/ol>\t\t\n\t<\/div>\n<\/div>\t\t\t\t<\/div>\n\t\t\t\t<\/div>\n\t\t\t\t<div class=\"elementor-element elementor-element-8604587 elementor-widget elementor-widget-pxl_text_editor\" data-id=\"8604587\" data-element_type=\"widget\" data-widget_type=\"pxl_text_editor.default\">\n\t\t\t\t<div class=\"elementor-widget-container\">\n\t\t\t\t\t<div class=\"pxl-text-editor\">\n\t<div class=\"pxl-item--inner pxl-p2  \" data-wow-delay=\"ms\">\n\t\t<p>Pliki \u201ccookies\u201d:<\/p><p>\u00a0<\/p><table class=\"t1\" cellspacing=\"0\" cellpadding=\"0\"><tbody><tr><td class=\"td1\" valign=\"top\"><p class=\"p7\">Nazwa:<\/p><\/td><td class=\"td2\" valign=\"top\"><p class=\"p7\">Przeznaczenie:<\/p><\/td><td class=\"td1\" valign=\"top\"><p class=\"p7\">Okres przechowywania:<\/p><\/td><\/tr><tr><td class=\"td3\" valign=\"top\"><p class=\"p6\">(nazwa generowana losowo)<br \/><strong>UUID#[abcdef0123456789]{32}<\/strong><\/p><\/td><td class=\"td4\" valign=\"top\"><p class=\"p6\">Plik przechowuje identyfikator u\u017cytkownika.<\/p><p class=\"p6\">Przeznaczeniem pliku jest utrzymanie ci\u0105g\u0142o\u015bci sesji.<\/p><p class=\"p6\">Plik generowany jest przez Joomla! \u2013 system zarz\u0105dzania tre\u015bci\u0105 (CMS) s\u0142u\u017c\u0105cy do administrowania i redagowania naszym serwisem.<\/p><\/td><td class=\"td3\" valign=\"top\"><p class=\"p6\">Plik sesyjny (Sesja) \u2013 usuwany automatyczne z chwil\u0105 opuszczenia naszego serwisu.<\/p><\/td><\/tr><tr><td class=\"td5\" valign=\"top\"><p class=\"p8\"><b>_gid, _ga, _gcl_au,\u00a0_dc_gtm_UA-#, collect<\/b><\/p><\/td><td class=\"td6\" valign=\"top\"><p>Statystyki<\/p><p class=\"p6\">Pliki przechowuj\u0105 identyfikator u\u017cytkownika.<\/p><p class=\"p6\">Przeznaczeniem pliku jest umo\u017cliwienie prowadzenia analityki zachowa\u0144 na naszej stronie, co wymaga rozr\u00f3\u017cniania u\u017cytkownik\u00f3w.<\/p><p class=\"p6\">Plik generowany jest przez Cookies Google Tag Manager wsp\u00f3\u0142pracuj\u0105cy z narz\u0119dziem Google Analytics.<\/p><\/td><td class=\"td5\" valign=\"top\"><p class=\"p6\">_gid &#8211; 1 dzie\u0144<br \/>_ga &#8211; 2 lata<br \/>_dc_gtm_UA-# &#8211; 1 dzie\u0144<br \/>collect &#8211; Sesja<\/p><\/td><\/tr><tr><td class=\"td7\" valign=\"top\"><p class=\"p8\"><b>cookies_conset,\u00a0<\/b><\/p><\/td><td class=\"td8\" valign=\"top\"><p class=\"p6\">Plik przechowuje informacje o ustawieniach cookies.<\/p><p class=\"p6\">Przeznaczeniem pliku jest zapami\u0119tanie, czy dany u\u017cytkownik wyrazi\u0142 zgod\u0119 na wykorzystywanie technologii cookies oraz umo\u017cliwienie zmian tych ustawie\u0144.<\/p><\/td><td class=\"td7\" valign=\"top\"><p class=\"p6\">50 lat.<\/p><\/td><\/tr><tr><td class=\"td7\" valign=\"top\"><strong>_gcl_au,\u00a0ads\/ga-audiences,\u00a0IDE,\u00a0pagead\/1p-user-list\/#,\u00a0test_cookie<\/strong><\/td><td class=\"td8\" valign=\"top\"><p>Marketing<\/p><p>Identyfikacja u\u017cytkiwnika w celach marketingowych.<\/p><\/td><td class=\"td7\" valign=\"top\">_gcl_au &#8211; 3miesi\u0105ce<br \/>_gcl_au &#8211; Sesja<br \/>IDE &#8211; 1 rok<br \/>pagead\/1p-user-list\/# &#8211; Sesja<br \/>test_cookie &#8211; 1 dzie\u0144<br \/><br \/><\/td><\/tr><\/tbody><\/table>\t\t\n\t<\/div>\n<\/div>\t\t\t\t<\/div>\n\t\t\t\t<\/div>\n\t\t            <\/div>\r\n        <\/div>\r\n                <div class=\"elementor-column elementor-col-50 elementor-top-column elementor-element elementor-element-1f0e262 pxl-column-sticky pxl-column-overflow-hidden-no\" data-id=\"1f0e262\" data-element_type=\"column\">\r\n        <div class=\"elementor-widget-wrap\">\r\n                     \r\n                    <\/div>\r\n        <\/div>\r\n        \t\t\t<\/div>\n\t\t<\/section>\n\t\t\t\t<\/div>\n\t\t","protected":false},"excerpt":{"rendered":"<p>Polityka prywatno\u015bci Informacje og\u00f3lne Niniejsza Polityka prywatno\u015bci ma na celu zapewnienie poczucia bezpiecze\u0144stwa ka\u017cdemu u\u017cytkownikowi naszego serwisu internetowego\u00a0https:\/\/www.eko-projekt.com. Funkcjonowanie naszego serwisu internetowego odbywa si\u0119 zgodnie z wymogami powszechnie i bezwzgl\u0119dnie obowi\u0105zuj\u0105cych przepis\u00f3w prawa, a tak\u017ce z zastosowaniem powszechnie przyj\u0119tych rozwi\u0105za\u0144 s\u0142u\u017c\u0105cych zabezpieczeniu danych u\u017cytkownik\u00f3w. Korzystanie z naszego serwisu internetowego jest r\u00f3wnoznaczne z akceptacj\u0105 warunk\u00f3w niniejszej [&hellip;]<\/p>\n","protected":false},"author":1,"featured_media":25271,"parent":0,"menu_order":0,"comment_status":"closed","ping_status":"closed","template":"elementor_theme","meta":{"footnotes":""},"class_list":["post-26016","page","type-page","status-publish","has-post-thumbnail","hentry"],"yoast_head":"<!-- This site is optimized with the Yoast SEO plugin v26.8 - https:\/\/yoast.com\/product\/yoast-seo-wordpress\/ -->\n<title>Polityka prywatno\u015bci - Eko-projekt.com<\/title>\n<meta name=\"robots\" content=\"index, follow, max-snippet:-1, max-image-preview:large, max-video-preview:-1\" \/>\n<link rel=\"canonical\" href=\"https:\/\/www.eko-projekt.com\/de\/polityka-prywatnosci\/\" \/>\n<meta property=\"og:locale\" content=\"de_DE\" \/>\n<meta property=\"og:type\" content=\"article\" \/>\n<meta property=\"og:title\" content=\"Polityka prywatno\u015bci - Eko-projekt.com\" \/>\n<meta property=\"og:description\" content=\"Polityka prywatno\u015bci Informacje og\u00f3lne Niniejsza Polityka prywatno\u015bci ma na celu zapewnienie poczucia bezpiecze\u0144stwa ka\u017cdemu u\u017cytkownikowi naszego serwisu internetowego\u00a0https:\/\/www.eko-projekt.com. Funkcjonowanie naszego serwisu internetowego odbywa si\u0119 zgodnie z wymogami powszechnie i bezwzgl\u0119dnie obowi\u0105zuj\u0105cych przepis\u00f3w prawa, a tak\u017ce z zastosowaniem powszechnie przyj\u0119tych rozwi\u0105za\u0144 s\u0142u\u017c\u0105cych zabezpieczeniu danych u\u017cytkownik\u00f3w. Korzystanie z naszego serwisu internetowego jest r\u00f3wnoznaczne z akceptacj\u0105 warunk\u00f3w niniejszej [&hellip;]\" \/>\n<meta property=\"og:url\" content=\"https:\/\/www.eko-projekt.com\/de\/polityka-prywatnosci\/\" \/>\n<meta property=\"og:site_name\" content=\"Eko-projekt.com\" \/>\n<meta property=\"article:modified_time\" content=\"2026-03-30T08:13:47+00:00\" \/>\n<meta name=\"twitter:card\" content=\"summary_large_image\" \/>\n<meta name=\"twitter:label1\" content=\"Gesch\u00e4tzte Lesezeit\" \/>\n\t<meta name=\"twitter:data1\" content=\"7\u00a0Minuten\" \/>\n<script type=\"application\/ld+json\" class=\"yoast-schema-graph\">{\"@context\":\"https:\/\/schema.org\",\"@graph\":[{\"@type\":\"WebPage\",\"@id\":\"https:\/\/www.eko-projekt.com\/polityka-prywatnosci\/\",\"url\":\"https:\/\/www.eko-projekt.com\/polityka-prywatnosci\/\",\"name\":\"Polityka prywatno\u015bci - Eko-projekt.com\",\"isPartOf\":{\"@id\":\"https:\/\/www.eko-projekt.com\/#website\"},\"primaryImageOfPage\":{\"@id\":\"https:\/\/www.eko-projekt.com\/polityka-prywatnosci\/#primaryimage\"},\"image\":{\"@id\":\"https:\/\/www.eko-projekt.com\/polityka-prywatnosci\/#primaryimage\"},\"thumbnailUrl\":\"https:\/\/www.eko-projekt.com\/wp-content\/uploads\/2026\/02\/eko-projekt-oferta-lokalna.avif\",\"datePublished\":\"2026-02-16T07:59:54+00:00\",\"dateModified\":\"2026-03-30T08:13:47+00:00\",\"breadcrumb\":{\"@id\":\"https:\/\/www.eko-projekt.com\/polityka-prywatnosci\/#breadcrumb\"},\"inLanguage\":\"de\",\"potentialAction\":[{\"@type\":\"ReadAction\",\"target\":[\"https:\/\/www.eko-projekt.com\/polityka-prywatnosci\/\"]}]},{\"@type\":\"ImageObject\",\"inLanguage\":\"de\",\"@id\":\"https:\/\/www.eko-projekt.com\/polityka-prywatnosci\/#primaryimage\",\"url\":\"https:\/\/www.eko-projekt.com\/wp-content\/uploads\/2026\/02\/eko-projekt-oferta-lokalna.avif\",\"contentUrl\":\"https:\/\/www.eko-projekt.com\/wp-content\/uploads\/2026\/02\/eko-projekt-oferta-lokalna.avif\",\"width\":1536,\"height\":1024},{\"@type\":\"BreadcrumbList\",\"@id\":\"https:\/\/www.eko-projekt.com\/polityka-prywatnosci\/#breadcrumb\",\"itemListElement\":[{\"@type\":\"ListItem\",\"position\":1,\"name\":\"Home\",\"item\":\"https:\/\/www.eko-projekt.com\/\"},{\"@type\":\"ListItem\",\"position\":2,\"name\":\"Polityka prywatno\u015bci\"}]},{\"@type\":\"WebSite\",\"@id\":\"https:\/\/www.eko-projekt.com\/#website\",\"url\":\"https:\/\/www.eko-projekt.com\/\",\"name\":\"Eko-projekt.com\",\"description\":\"\",\"potentialAction\":[{\"@type\":\"SearchAction\",\"target\":{\"@type\":\"EntryPoint\",\"urlTemplate\":\"https:\/\/www.eko-projekt.com\/?s={search_term_string}\"},\"query-input\":{\"@type\":\"PropertyValueSpecification\",\"valueRequired\":true,\"valueName\":\"search_term_string\"}}],\"inLanguage\":\"de\"}]}<\/script>\n<!-- \/ Yoast SEO plugin. -->","yoast_head_json":{"title":"Polityka prywatno\u015bci - Eko-projekt.com","robots":{"index":"index","follow":"follow","max-snippet":"max-snippet:-1","max-image-preview":"max-image-preview:large","max-video-preview":"max-video-preview:-1"},"canonical":"https:\/\/www.eko-projekt.com\/de\/polityka-prywatnosci\/","og_locale":"de_DE","og_type":"article","og_title":"Polityka prywatno\u015bci - Eko-projekt.com","og_description":"Polityka prywatno\u015bci Informacje og\u00f3lne Niniejsza Polityka prywatno\u015bci ma na celu zapewnienie poczucia bezpiecze\u0144stwa ka\u017cdemu u\u017cytkownikowi naszego serwisu internetowego\u00a0https:\/\/www.eko-projekt.com. Funkcjonowanie naszego serwisu internetowego odbywa si\u0119 zgodnie z wymogami powszechnie i bezwzgl\u0119dnie obowi\u0105zuj\u0105cych przepis\u00f3w prawa, a tak\u017ce z zastosowaniem powszechnie przyj\u0119tych rozwi\u0105za\u0144 s\u0142u\u017c\u0105cych zabezpieczeniu danych u\u017cytkownik\u00f3w. Korzystanie z naszego serwisu internetowego jest r\u00f3wnoznaczne z akceptacj\u0105 warunk\u00f3w niniejszej [&hellip;]","og_url":"https:\/\/www.eko-projekt.com\/de\/polityka-prywatnosci\/","og_site_name":"Eko-projekt.com","article_modified_time":"2026-03-30T08:13:47+00:00","twitter_card":"summary_large_image","twitter_misc":{"Gesch\u00e4tzte Lesezeit":"7\u00a0Minuten"},"schema":{"@context":"https:\/\/schema.org","@graph":[{"@type":"WebPage","@id":"https:\/\/www.eko-projekt.com\/polityka-prywatnosci\/","url":"https:\/\/www.eko-projekt.com\/polityka-prywatnosci\/","name":"Polityka prywatno\u015bci - Eko-projekt.com","isPartOf":{"@id":"https:\/\/www.eko-projekt.com\/#website"},"primaryImageOfPage":{"@id":"https:\/\/www.eko-projekt.com\/polityka-prywatnosci\/#primaryimage"},"image":{"@id":"https:\/\/www.eko-projekt.com\/polityka-prywatnosci\/#primaryimage"},"thumbnailUrl":"https:\/\/www.eko-projekt.com\/wp-content\/uploads\/2026\/02\/eko-projekt-oferta-lokalna.avif","datePublished":"2026-02-16T07:59:54+00:00","dateModified":"2026-03-30T08:13:47+00:00","breadcrumb":{"@id":"https:\/\/www.eko-projekt.com\/polityka-prywatnosci\/#breadcrumb"},"inLanguage":"de","potentialAction":[{"@type":"ReadAction","target":["https:\/\/www.eko-projekt.com\/polityka-prywatnosci\/"]}]},{"@type":"ImageObject","inLanguage":"de","@id":"https:\/\/www.eko-projekt.com\/polityka-prywatnosci\/#primaryimage","url":"https:\/\/www.eko-projekt.com\/wp-content\/uploads\/2026\/02\/eko-projekt-oferta-lokalna.avif","contentUrl":"https:\/\/www.eko-projekt.com\/wp-content\/uploads\/2026\/02\/eko-projekt-oferta-lokalna.avif","width":1536,"height":1024},{"@type":"BreadcrumbList","@id":"https:\/\/www.eko-projekt.com\/polityka-prywatnosci\/#breadcrumb","itemListElement":[{"@type":"ListItem","position":1,"name":"Home","item":"https:\/\/www.eko-projekt.com\/"},{"@type":"ListItem","position":2,"name":"Polityka prywatno\u015bci"}]},{"@type":"WebSite","@id":"https:\/\/www.eko-projekt.com\/#website","url":"https:\/\/www.eko-projekt.com\/","name":"Eko-projekt.com","description":"","potentialAction":[{"@type":"SearchAction","target":{"@type":"EntryPoint","urlTemplate":"https:\/\/www.eko-projekt.com\/?s={search_term_string}"},"query-input":{"@type":"PropertyValueSpecification","valueRequired":true,"valueName":"search_term_string"}}],"inLanguage":"de"}]}},"_links":{"self":[{"href":"https:\/\/www.eko-projekt.com\/de\/wp-json\/wp\/v2\/pages\/26016","targetHints":{"allow":["GET"]}}],"collection":[{"href":"https:\/\/www.eko-projekt.com\/de\/wp-json\/wp\/v2\/pages"}],"about":[{"href":"https:\/\/www.eko-projekt.com\/de\/wp-json\/wp\/v2\/types\/page"}],"author":[{"embeddable":true,"href":"https:\/\/www.eko-projekt.com\/de\/wp-json\/wp\/v2\/users\/1"}],"replies":[{"embeddable":true,"href":"https:\/\/www.eko-projekt.com\/de\/wp-json\/wp\/v2\/comments?post=26016"}],"version-history":[{"count":7,"href":"https:\/\/www.eko-projekt.com\/de\/wp-json\/wp\/v2\/pages\/26016\/revisions"}],"predecessor-version":[{"id":26825,"href":"https:\/\/www.eko-projekt.com\/de\/wp-json\/wp\/v2\/pages\/26016\/revisions\/26825"}],"wp:featuredmedia":[{"embeddable":true,"href":"https:\/\/www.eko-projekt.com\/de\/wp-json\/wp\/v2\/media\/25271"}],"wp:attachment":[{"href":"https:\/\/www.eko-projekt.com\/de\/wp-json\/wp\/v2\/media?parent=26016"}],"curies":[{"name":"wp","href":"https:\/\/api.w.org\/{rel}","templated":true}]}}